{"id":6656,"date":"2021-01-09T13:36:00","date_gmt":"2021-01-09T12:36:00","guid":{"rendered":"https:\/\/www.transfermuga.eu\/?page_id=6656"},"modified":"2022-05-19T10:47:55","modified_gmt":"2022-05-19T08:47:55","slug":"un-lustro-de-hegobus","status":"publish","type":"page","link":"https:\/\/www.transfermuga.eu\/es\/noticias\/un-lustro-de-hegobus\/","title":{"rendered":"Un lustro de Hegobus"},"content":{"rendered":"<section class=\"mainview-head\">\n        <div class=\"mainview-head__topimg\">\n      <img decoding=\"async\" src=\"https:\/\/www.transfermuga.eu\/content\/uploads\/2021\/06\/fdb_euroregion_256_s-1024x683.jpg\" alt=\"\" \/>\n    <\/div>\n    <div class=\"container\">\n    <div class=\"row\">\n      <div class=\"col-12 col-lg-10 offset-lg-1\">\n\n                  <p class=\"d-none d-lg-inline-block\" id=\"breadcrumbs\"><\/p>                <div class=\"mainview-head__block\">\n          <div class=\"mainview-head__block__top\">\n            <div class=\"mainview-head__block__top__tag\">\n              <span>09\/01\/2021<\/span>\n                          <\/div>\n            <div class=\"mainview-head__block__top__share\">\n              <span>Partager sur<\/span>\n              <a href=\"http:\/\/www.facebook.com\/sharer.php?u=https:\/\/www.transfermuga.eu\/es\/noticias\/un-lustro-de-hegobus\/\" target=\"_blank\">\n                <img decoding=\"async\" src=\"https:\/\/www.transfermuga.eu\/content\/themes\/transfermuga-theme\/dist\/images\/facebook_gray.png\" alt=\"\"\/>\n              <\/a>\n              <a href=\"http:\/\/twitter.com\/share?url=https:\/\/www.transfermuga.eu\/es\/noticias\/un-lustro-de-hegobus\/\" target=\"_blank\">\n                <img decoding=\"async\" src=\"https:\/\/www.transfermuga.eu\/content\/themes\/transfermuga-theme\/dist\/images\/twitter_gray.png\" alt=\"\"\/>\n              <\/a>\n            <\/div>\n          <\/div>\n          <h1>La red Hegobus cumple 5 a\u00f1os<\/h1>\n        <\/div>\n      <\/div>\n\n    <\/div>\n  <\/div>\n<\/section>\n\n<section class=\"section-content\">\n    <div class=\"container\">\n        <div class=\"row\">\n            <div class=\"col-12 col-lg-6 offset-lg-3\">\n                <div class=\"article-content\">\n                    <p>El 1 de septiembre de 2021 la red de transporte p\u00fablico <a title=\"Ver m\u00e1s informaci\u00f3n sobre Hegobus\" href=\"https:\/\/www.transfermuga.eu\/es\/lineas\/autobus-urbano\/hegobus-hendaya-san-juan-luz\/\">Hegobus<\/a> cumpli\u00f3 un lustro. Desde su creaci\u00f3n en 2016, la red ha registrado 3 millones de pasajeros, y su frecuencia ha aumentado un 53% entre 2017 y 2021. Algo menos de la mitad de los trayectos se realiza en Hendaya, a trav\u00e9s de sus l\u00edneas 31, 33 y 35. Adem\u00e1s, el tr\u00e1fico de las l\u00edneas urbanas es mayor que el de las l\u00edneas interurbanas.<\/p>\n<p>M\u00e1s all\u00e1 de la creaci\u00f3n de una l\u00ednea de bus que conecta San Juan de Luz, Cambo y Espelette, la ampliaci\u00f3n ha conllevado una ligera modificaci\u00f3n de la l\u00ednea 31 en \u00e9poca estival, llegando a dar servicio hasta el barrio de Puiana en Ir\u00fan. Con sus l\u00edneas 31 y 33, Hegobus es la \u00fanica red p\u00fablica de autobuses que ofrece servicios transfronterizos en la Eurorregi\u00f3n.<\/p>\n<p><img decoding=\"async\" src=\"https:\/\/www.transfermuga.eu\/content\/uploads\/2021\/09\/fdb_euroregion_103_s.jpg\" \/><\/p>\n<p>En Transfermuga, puedes ver <a title=\"L\u00edneas de autob\u00fas Hegobus de Hendaya\" href=\"https:\/\/www.transfermuga.eu\/es\/lineas\/autobus-urbano\/hegobus-hendaya-san-juan-luz\/\">informaci\u00f3n detallada de las l\u00edneas de autob\u00fas de Hegobus,<\/a> as\u00ed como informaci\u00f3n sobre <a title=\"Tarifas y billetes Hegobus\" href=\"https:\/\/www.transfermuga.eu\/es\/lineas\/tarifas-billetes\/hegobus-hendaya-san-juan-luz\/\">tipos de tarifas y billetes de autob\u00fas Hegobus<\/a>.<\/p>\n\n                <\/div>\n            <\/div>\n        <\/div>\n    <\/div>\n<\/section>\n\n\n<section class=\"link\">\n    <div class=\"container\">\n        <div class=\"link__title\">\n\n\n\n            <h2>Noticias<\/h2>\n        <\/div>\n        <div class=\"link__slider\">\n                        <div class=\"col-12 col-md-4 view\" id=\"post-8776\">\n    <a class=\"view__item\" href=\"https:\/\/www.transfermuga.eu\/es\/noticias\/la-semana-europea-de-la-movilidad\/\" rel=\"bookmark\">\n                    <div class=\"view__item__img\">\n                <a class=\"post-thumbnail\" href=\"https:\/\/www.transfermuga.eu\/es\/noticias\/la-semana-europea-de-la-movilidad\/\" aria-hidden=\"true\" tabindex=\"-1\"><img loading=\"lazy\" decoding=\"async\" width=\"330\" height=\"180\" src=\"https:\/\/www.transfermuga.eu\/content\/uploads\/2022\/09\/NouvelleAquitainea1euro-330x180.jpg\" class=\"attachment-article-thumbnail size-article-thumbnail wp-post-image\" alt=\"La Semana Europea de la Movilidad\" \/><\/a>\n            <\/div>\n                <div class=\"view__item__content\">\n            <div class=\"view__item__content__tag\">\n                                    <span><\/span>\n                \n                            <\/div>\n            \n            <h4 class=\"view__item__content__title\">La Semana Europea de la Movilidad<\/h4>\n            <p><p>Mejores conexiones, la campana de sensibilizacion de la movilidad sostenible se celebra del 16 al 22 de septiembre. <\/p>\n<\/p>\n        <\/div>\n    <\/a>\n<\/div>\n                                \n                        <div class=\"col-12 col-md-4 view\" id=\"post-8753\">\n    <a class=\"view__item\" href=\"https:\/\/www.transfermuga.eu\/es\/noticias\/descuentotarifastransporte\/\" rel=\"bookmark\">\n                    <div class=\"view__item__img\">\n                <a class=\"post-thumbnail\" href=\"https:\/\/www.transfermuga.eu\/es\/noticias\/descuentotarifastransporte\/\" aria-hidden=\"true\" tabindex=\"-1\"><img loading=\"lazy\" decoding=\"async\" width=\"330\" height=\"180\" src=\"https:\/\/www.transfermuga.eu\/content\/uploads\/2022\/05\/irun-euskotren-330x180.jpg\" class=\"attachment-article-thumbnail size-article-thumbnail wp-post-image\" alt=\"Descuento en las tarifas de transporte: \u00bfqu\u00e9 impacto tiene en la movilidad transfronteriza?\" \/><\/a>\n            <\/div>\n                <div class=\"view__item__content\">\n            <div class=\"view__item__content__tag\">\n                                    <span><\/span>\n                \n                            <\/div>\n            \n            <h4 class=\"view__item__content__title\">Descuento en las tarifas de transporte: \u00bfqu\u00e9 impacto tiene en la movilidad transfronteriza?<\/h4>\n            <p><p>Aqu\u00ed puedes encontrar todos los descuentos que se aplicar\u00e1n a partir del 1 de septiembre en Euskadi y Navarra para los viajeros transfronterizos.<\/p>\n<\/p>\n        <\/div>\n    <\/a>\n<\/div>\n                                \n                        <div class=\"col-12 col-md-4 view\" id=\"post-8643\">\n    <a class=\"view__item\" href=\"https:\/\/www.transfermuga.eu\/es\/noticias\/antzareguna\/\" rel=\"bookmark\">\n                    <div class=\"view__item__img\">\n                <a class=\"post-thumbnail\" href=\"https:\/\/www.transfermuga.eu\/es\/noticias\/antzareguna\/\" aria-hidden=\"true\" tabindex=\"-1\"><img loading=\"lazy\" decoding=\"async\" width=\"330\" height=\"180\" src=\"https:\/\/www.transfermuga.eu\/content\/uploads\/2022\/08\/28859882294_f897df3451_b-330x180.jpeg\" class=\"attachment-article-thumbnail size-article-thumbnail wp-post-image\" alt=\"Antzar Eguna en Lekeitio\" \/><\/a>\n            <\/div>\n                <div class=\"view__item__content\">\n            <div class=\"view__item__content__tag\">\n                                    <span><\/span>\n                \n                            <\/div>\n            \n            <h4 class=\"view__item__content__title\">Antzar Eguna en Lekeitio<\/h4>\n            <p><p>\u00bfC\u00f3mo se llega a Lekeitio en transporte p\u00fablico para asistir al Antzar Eguna? Esa es una pregunta para la que tenemos la respuesta. Haga clic aqu\u00ed.<\/p>\n<\/p>\n        <\/div>\n    <\/a>\n<\/div>\n                                \n                    <\/div>\n\n                    <div class=\"link__btn\">\n                <a class=\"button button__primary\" href=\"https:\/\/www.transfermuga.eu\/es\/noticias\/\">Todas las noticias<\/a>\n            <\/div>\n            <\/div>\n<\/section>\n\n\n<section class=\"section__roundblock\">\n  <div class=\"container\">\n    <div class=\"row\">\n      <div class=\"col-12 roundblock__container\">\n                                                          <div class=\"round_block round__blue\">\n                    <div class=\"round_block__container\">\n                      <div class=\"round_block__infos\">\n                                                                          <img decoding=\"async\" alt=\"\" src=\"https:\/\/www.transfermuga.eu\/content\/uploads\/2021\/05\/mail.png\" class=\"round_block__infos__img\"\/>\n                                                <h4 class=\"round_block__infos__title\">Contacto<\/h4>\n                        <p>\n                          Su pregunta versa sobre: \n                        <\/p>\n                      <\/div>\n                      <div class=\"round_block__form\">\n                        <div class=\"wpcf7 no-js\" id=\"wpcf7-f2606-o1\" lang=\"es-ES\" dir=\"ltr\">\n<div class=\"screen-reader-response\"><p role=\"status\" aria-live=\"polite\" aria-atomic=\"true\"><\/p> <ul><\/ul><\/div>\n<form action=\"\/es\/wp-json\/wp\/v2\/pages\/6656#wpcf7-f2606-o1\" method=\"post\" class=\"wpcf7-form init demo\" aria-label=\"Contact form\" novalidate=\"novalidate\" data-status=\"init\">\n<div style=\"display: none;\">\n<input type=\"hidden\" name=\"_wpcf7\" value=\"2606\" \/>\n<input type=\"hidden\" name=\"_wpcf7_version\" value=\"5.9.6\" \/>\n<input type=\"hidden\" name=\"_wpcf7_locale\" value=\"es_ES\" \/>\n<input type=\"hidden\" name=\"_wpcf7_unit_tag\" value=\"wpcf7-f2606-o1\" \/>\n<input type=\"hidden\" name=\"_wpcf7_container_post\" value=\"0\" \/>\n<input type=\"hidden\" name=\"_wpcf7_posted_data_hash\" value=\"\" \/>\n<input type=\"hidden\" name=\"_wpcf7_recaptcha_response\" value=\"\" \/>\n<\/div>\n<div class=\"form-group\">\n\t<p><span class=\"wpcf7-form-control-wrap\" data-name=\"subject\"><select class=\"wpcf7-form-control wpcf7-select wpcf7-validates-as-required\" aria-required=\"true\" aria-invalid=\"false\" name=\"subject\"><option value=\"Consejo para desplazarse\">Consejo para desplazarse<\/option><option value=\"Problema t\u00e9cnico de uso\">Problema t\u00e9cnico de uso<\/option><option value=\"Open Data\">Open Data<\/option><\/select><\/span>\n\t<\/p>\n<\/div>\n<div class=\"form-group submit-group\">\n\t<p><span class=\"submit-button\"><input class=\"wpcf7-form-control wpcf7-submit has-spinner\" type=\"submit\" value=\"Enviar\" \/><\/span>\n\t<\/p>\n<\/div><div class=\"wpcf7-response-output\" aria-hidden=\"true\"><\/div>\n<\/form>\n<\/div>\n                      <\/div>\n                    <\/div>\n                  <\/div>\n                            <\/div>\n    <\/div>\n  <\/div>\n<\/section>","protected":false},"excerpt":{"rendered":"","protected":false},"author":1,"featured_media":3302,"parent":2095,"menu_order":20,"comment_status":"closed","ping_status":"closed","template":"","meta":{"_acf_changed":false,"_monsterinsights_skip_tracking":false,"_monsterinsights_sitenote_active":false,"_monsterinsights_sitenote_note":"","_monsterinsights_sitenote_category":0,"footnotes":""},"categories":[63],"tags":[],"acf":[],"aioseo_notices":[],"yoast_head":"<!-- This site is optimized with the Yoast SEO plugin v22.9 - https:\/\/yoast.com\/wordpress\/plugins\/seo\/ -->\n<title>Un lustro de Hegobus - Transfermuga<\/title>\n<meta name=\"robots\" content=\"index, follow, max-snippet:-1, max-image-preview:large, max-video-preview:-1\" \/>\n<link rel=\"canonical\" href=\"https:\/\/www.transfermuga.eu\/es\/noticias\/un-lustro-de-hegobus\/\" \/>\n<meta property=\"og:locale\" content=\"es_ES\" \/>\n<meta property=\"og:type\" content=\"article\" \/>\n<meta property=\"og:title\" content=\"Un lustro de Hegobus - Transfermuga\" \/>\n<meta property=\"og:url\" content=\"https:\/\/www.transfermuga.eu\/es\/noticias\/un-lustro-de-hegobus\/\" \/>\n<meta property=\"og:site_name\" content=\"Transfermuga\" \/>\n<meta property=\"article:modified_time\" content=\"2022-05-19T08:47:55+00:00\" \/>\n<meta property=\"og:image\" content=\"https:\/\/www.transfermuga.eu\/content\/uploads\/2021\/09\/fdb_euroregion_103_s.jpg\" \/>\n\t<meta property=\"og:image:width\" content=\"1200\" \/>\n\t<meta property=\"og:image:height\" content=\"800\" \/>\n\t<meta property=\"og:image:type\" content=\"image\/jpeg\" \/>\n<meta name=\"twitter:card\" content=\"summary_large_image\" \/>\n<script type=\"application\/ld+json\" class=\"yoast-schema-graph\">{\"@context\":\"https:\/\/schema.org\",\"@graph\":[{\"@type\":\"WebPage\",\"@id\":\"https:\/\/www.transfermuga.eu\/es\/noticias\/un-lustro-de-hegobus\/\",\"url\":\"https:\/\/www.transfermuga.eu\/es\/noticias\/un-lustro-de-hegobus\/\",\"name\":\"Un lustro de Hegobus - Transfermuga\",\"isPartOf\":{\"@id\":\"https:\/\/www.transfermuga.eu\/es\/#website\"},\"primaryImageOfPage\":{\"@id\":\"https:\/\/www.transfermuga.eu\/es\/noticias\/un-lustro-de-hegobus\/#primaryimage\"},\"image\":{\"@id\":\"https:\/\/www.transfermuga.eu\/es\/noticias\/un-lustro-de-hegobus\/#primaryimage\"},\"thumbnailUrl\":\"https:\/\/www.transfermuga.eu\/content\/uploads\/2021\/09\/fdb_euroregion_103_s.jpg\",\"datePublished\":\"2021-01-09T12:36:00+00:00\",\"dateModified\":\"2022-05-19T08:47:55+00:00\",\"breadcrumb\":{\"@id\":\"https:\/\/www.transfermuga.eu\/es\/noticias\/un-lustro-de-hegobus\/#breadcrumb\"},\"inLanguage\":\"es-ES\",\"potentialAction\":[{\"@type\":\"ReadAction\",\"target\":[\"https:\/\/www.transfermuga.eu\/es\/noticias\/un-lustro-de-hegobus\/\"]}]},{\"@type\":\"ImageObject\",\"inLanguage\":\"es-ES\",\"@id\":\"https:\/\/www.transfermuga.eu\/es\/noticias\/un-lustro-de-hegobus\/#primaryimage\",\"url\":\"https:\/\/www.transfermuga.eu\/content\/uploads\/2021\/09\/fdb_euroregion_103_s.jpg\",\"contentUrl\":\"https:\/\/www.transfermuga.eu\/content\/uploads\/2021\/09\/fdb_euroregion_103_s.jpg\",\"width\":1200,\"height\":800,\"caption\":\"autobuses interurbanos en francia\"},{\"@type\":\"BreadcrumbList\",\"@id\":\"https:\/\/www.transfermuga.eu\/es\/noticias\/un-lustro-de-hegobus\/#breadcrumb\",\"itemListElement\":[{\"@type\":\"ListItem\",\"position\":1,\"name\":\"Noticias\",\"item\":\"https:\/\/www.transfermuga.eu\/es\/noticias\/\"},{\"@type\":\"ListItem\",\"position\":2,\"name\":\"Un lustro de Hegobus\"}]},{\"@type\":\"WebSite\",\"@id\":\"https:\/\/www.transfermuga.eu\/es\/#website\",\"url\":\"https:\/\/www.transfermuga.eu\/es\/\",\"name\":\"Transfermuga\",\"description\":\"L&#039;info de la mobilit\u00e9 transfrontali\u00e8re\",\"publisher\":{\"@id\":\"https:\/\/www.transfermuga.eu\/es\/#organization\"},\"potentialAction\":[{\"@type\":\"SearchAction\",\"target\":{\"@type\":\"EntryPoint\",\"urlTemplate\":\"https:\/\/www.transfermuga.eu\/es\/?s={search_term_string}\"},\"query-input\":\"required name=search_term_string\"}],\"inLanguage\":\"es-ES\"},{\"@type\":\"Organization\",\"@id\":\"https:\/\/www.transfermuga.eu\/es\/#organization\",\"name\":\"Transfermuga\",\"url\":\"https:\/\/www.transfermuga.eu\/es\/\",\"logo\":{\"@type\":\"ImageObject\",\"inLanguage\":\"es-ES\",\"@id\":\"https:\/\/www.transfermuga.eu\/es\/#\/schema\/logo\/image\/\",\"url\":\"https:\/\/www.transfermuga.eu\/content\/uploads\/2021\/06\/cropped-Interreg-POCTEFA-TRANSFERMUGA-RREKIN-RGB.png\",\"contentUrl\":\"https:\/\/www.transfermuga.eu\/content\/uploads\/2021\/06\/cropped-Interreg-POCTEFA-TRANSFERMUGA-RREKIN-RGB.png\",\"width\":1843,\"height\":827,\"caption\":\"Transfermuga\"},\"image\":{\"@id\":\"https:\/\/www.transfermuga.eu\/es\/#\/schema\/logo\/image\/\"}}]}<\/script>\n<!-- \/ Yoast SEO plugin. -->","yoast_head_json":{"title":"Un lustro de Hegobus - Transfermuga","robots":{"index":"index","follow":"follow","max-snippet":"max-snippet:-1","max-image-preview":"max-image-preview:large","max-video-preview":"max-video-preview:-1"},"canonical":"https:\/\/www.transfermuga.eu\/es\/noticias\/un-lustro-de-hegobus\/","og_locale":"es_ES","og_type":"article","og_title":"Un lustro de Hegobus - Transfermuga","og_url":"https:\/\/www.transfermuga.eu\/es\/noticias\/un-lustro-de-hegobus\/","og_site_name":"Transfermuga","article_modified_time":"2022-05-19T08:47:55+00:00","og_image":[{"width":1200,"height":800,"url":"https:\/\/www.transfermuga.eu\/content\/uploads\/2021\/09\/fdb_euroregion_103_s.jpg","type":"image\/jpeg"}],"twitter_card":"summary_large_image","schema":{"@context":"https:\/\/schema.org","@graph":[{"@type":"WebPage","@id":"https:\/\/www.transfermuga.eu\/es\/noticias\/un-lustro-de-hegobus\/","url":"https:\/\/www.transfermuga.eu\/es\/noticias\/un-lustro-de-hegobus\/","name":"Un lustro de Hegobus - Transfermuga","isPartOf":{"@id":"https:\/\/www.transfermuga.eu\/es\/#website"},"primaryImageOfPage":{"@id":"https:\/\/www.transfermuga.eu\/es\/noticias\/un-lustro-de-hegobus\/#primaryimage"},"image":{"@id":"https:\/\/www.transfermuga.eu\/es\/noticias\/un-lustro-de-hegobus\/#primaryimage"},"thumbnailUrl":"https:\/\/www.transfermuga.eu\/content\/uploads\/2021\/09\/fdb_euroregion_103_s.jpg","datePublished":"2021-01-09T12:36:00+00:00","dateModified":"2022-05-19T08:47:55+00:00","breadcrumb":{"@id":"https:\/\/www.transfermuga.eu\/es\/noticias\/un-lustro-de-hegobus\/#breadcrumb"},"inLanguage":"es-ES","potentialAction":[{"@type":"ReadAction","target":["https:\/\/www.transfermuga.eu\/es\/noticias\/un-lustro-de-hegobus\/"]}]},{"@type":"ImageObject","inLanguage":"es-ES","@id":"https:\/\/www.transfermuga.eu\/es\/noticias\/un-lustro-de-hegobus\/#primaryimage","url":"https:\/\/www.transfermuga.eu\/content\/uploads\/2021\/09\/fdb_euroregion_103_s.jpg","contentUrl":"https:\/\/www.transfermuga.eu\/content\/uploads\/2021\/09\/fdb_euroregion_103_s.jpg","width":1200,"height":800,"caption":"autobuses interurbanos en francia"},{"@type":"BreadcrumbList","@id":"https:\/\/www.transfermuga.eu\/es\/noticias\/un-lustro-de-hegobus\/#breadcrumb","itemListElement":[{"@type":"ListItem","position":1,"name":"Noticias","item":"https:\/\/www.transfermuga.eu\/es\/noticias\/"},{"@type":"ListItem","position":2,"name":"Un lustro de Hegobus"}]},{"@type":"WebSite","@id":"https:\/\/www.transfermuga.eu\/es\/#website","url":"https:\/\/www.transfermuga.eu\/es\/","name":"Transfermuga","description":"L&#039;info de la mobilit\u00e9 transfrontali\u00e8re","publisher":{"@id":"https:\/\/www.transfermuga.eu\/es\/#organization"},"potentialAction":[{"@type":"SearchAction","target":{"@type":"EntryPoint","urlTemplate":"https:\/\/www.transfermuga.eu\/es\/?s={search_term_string}"},"query-input":"required name=search_term_string"}],"inLanguage":"es-ES"},{"@type":"Organization","@id":"https:\/\/www.transfermuga.eu\/es\/#organization","name":"Transfermuga","url":"https:\/\/www.transfermuga.eu\/es\/","logo":{"@type":"ImageObject","inLanguage":"es-ES","@id":"https:\/\/www.transfermuga.eu\/es\/#\/schema\/logo\/image\/","url":"https:\/\/www.transfermuga.eu\/content\/uploads\/2021\/06\/cropped-Interreg-POCTEFA-TRANSFERMUGA-RREKIN-RGB.png","contentUrl":"https:\/\/www.transfermuga.eu\/content\/uploads\/2021\/06\/cropped-Interreg-POCTEFA-TRANSFERMUGA-RREKIN-RGB.png","width":1843,"height":827,"caption":"Transfermuga"},"image":{"@id":"https:\/\/www.transfermuga.eu\/es\/#\/schema\/logo\/image\/"}}]}},"_links":{"self":[{"href":"https:\/\/www.transfermuga.eu\/es\/wp-json\/wp\/v2\/pages\/6656"}],"collection":[{"href":"https:\/\/www.transfermuga.eu\/es\/wp-json\/wp\/v2\/pages"}],"about":[{"href":"https:\/\/www.transfermuga.eu\/es\/wp-json\/wp\/v2\/types\/page"}],"author":[{"embeddable":true,"href":"https:\/\/www.transfermuga.eu\/es\/wp-json\/wp\/v2\/users\/1"}],"replies":[{"embeddable":true,"href":"https:\/\/www.transfermuga.eu\/es\/wp-json\/wp\/v2\/comments?post=6656"}],"version-history":[{"count":5,"href":"https:\/\/www.transfermuga.eu\/es\/wp-json\/wp\/v2\/pages\/6656\/revisions"}],"predecessor-version":[{"id":6663,"href":"https:\/\/www.transfermuga.eu\/es\/wp-json\/wp\/v2\/pages\/6656\/revisions\/6663"}],"up":[{"embeddable":true,"href":"https:\/\/www.transfermuga.eu\/es\/wp-json\/wp\/v2\/pages\/2095"}],"wp:featuredmedia":[{"embeddable":true,"href":"https:\/\/www.transfermuga.eu\/es\/wp-json\/wp\/v2\/media\/3302"}],"wp:attachment":[{"href":"https:\/\/www.transfermuga.eu\/es\/wp-json\/wp\/v2\/media?parent=6656"}],"wp:term":[{"taxonomy":"category","embeddable":true,"href":"https:\/\/www.transfermuga.eu\/es\/wp-json\/wp\/v2\/categories?post=6656"},{"taxonomy":"post_tag","embeddable":true,"href":"https:\/\/www.transfermuga.eu\/es\/wp-json\/wp\/v2\/tags?post=6656"}],"curies":[{"name":"wp","href":"https:\/\/api.w.org\/{rel}","templated":true}]}}