{"id":4486,"date":"2022-04-19T09:48:13","date_gmt":"2022-04-19T07:48:13","guid":{"rendered":"https:\/\/www.transfermuga.eu\/?page_id=4486"},"modified":"2022-05-06T09:32:28","modified_gmt":"2022-05-06T07:32:28","slug":"dbus-san-sebastian","status":"publish","type":"page","link":"https:\/\/www.transfermuga.eu\/es\/lineas\/tarifas-billetes\/dbus-san-sebastian\/","title":{"rendered":"DBUS: Tarifas de San Sebasti\u00e1n"},"content":{"rendered":"<section class=\"hero\">\n    <div class=\"container hero__container\">\n        <div class=\"row\">\n            <div class=\" col-12 col-md-10 offset-md-1 hero__text\">\n                                    <p class=\"d-none d-md-inline-block\" id=\"breadcrumbs\"><\/p>                                \n                <h1 class=\"hero__title\">DBUS \u2013 Tarifas y billetes de autob\u00fas de Donostia \/ San Sebasti\u00e1n<\/h1>\n                <p class=\"hero__description\">\n                    \n                <\/p>\n            <\/div>\n        <\/div>\n<\/section>\n\n<section class=\"section-content\">\n    <div class=\"container\">\n        <div class=\"row\">\n            <div class=\"col-12 col-lg-6 offset-lg-3\">\n                <div class=\"article-content\">\n                    <h2>\u00bfC\u00f3mo pagar el autob\u00fas dBus? Recomendaciones<\/h2>\n<p>La red de autobuses Dbus de San Sebasti\u00e1n se puede pagar:<\/p>\n<ul>\n<li>En met\u00e1lico, en el propio autob\u00fas<\/li>\n<li>Mediante tarjetas de viaje<\/li>\n<li>Con tarjetas bancarias sin contacto o contactless: se permite el pago con tarjeta bancaria en todos los autobuses Dbus. <\/li>\n<\/ul>\n<p>Nuestra recomendaci\u00f3n es que uses alguna de las <strong>tarjetas de viaje que est\u00e1n disponibles para los visitantes<\/strong>, ya que el coste del billete de autob\u00fas se reduce al pagar con estas tarjetas.<\/p>\n<p>Los visitantes pueden solicitar alguna de las siguientes tarjetas para usar la red de transporte p\u00fablico de San Sebasti\u00e1n:<\/p>\n<ul>\n<li><strong>Tarjeta Mugi an\u00f3nima:<\/strong> Se trata de una tarjeta recargable que se puede obtener en la red de kioscos y estancos autorizados.<br \/>\n<a href=\"https:\/\/www.mugi.eus\/index.php\/es\/puntos-de-solicitud-y-recarga-mugi\" rel=\"noopener\" target=\"_blank\" title=\"Ir a la p\u00e1gina de Mugi\">Consulta aqu\u00ed los puntos de solicitud y recarga de la Tarjeta Mugi<\/a><\/li>\n<li><strong>Tarjeta Turista San Sebasti\u00e1n Card:<\/strong> Se trata de tarjetas (de 6 viajes o 12 viajes) multipersonales con validez de 10 d\u00edas que permite usar la red de autobuses de San Sebasti\u00e1n (DBUS) y adem\u00e1s ofrece una serie de ventajas como una visita guiada gratis o descuentos en museos, restaurantes y otros comercios de San Sebasti\u00e1n.<br \/>\n<a href=\"https:\/\/www.sansebastianturismoa.eus\/es\/ofertas\/tarjetas-turisticas-san-sebastian\" rel=\"noopener\" target=\"_blank\" title=\"Ir a la p\u00e1gina de San Sebasti\u00e1n Turismo para ver informaci\u00f3n sobre las Tarjetas de transporte San Sebasti\u00e1n Card\">Consulta c\u00f3mo solicitar la Tarjeta Turista San Sebasti\u00e1n Card<\/a><\/li>\n<li><strong>Tarjeta Turista Basque Card:<\/strong> Se trata de una tarjeta multipersonal de 20 viajes para usar la red de autob\u00fas de San Sebasti\u00e1n (DBUS), la red de autobuses interurbanos Lurraldebus y la red de tren de Euskotren. Adem\u00e1s, tambi\u00e9n ofrece una serie de descuentos en museos, restaurantes y otros comercios adheridos a la iniciativa.<br \/>\n<a href=\"https:\/\/www.sansebastianturismoa.eus\/es\/ofertas\/tarjetas-turisticas-san-sebastian#basque-card\" rel=\"noopener\" target=\"_blank\" title=\"Ir a la p\u00e1gina de San Sebasti\u00e1n Turismo para ver informaci\u00f3n sobre las Tarjetas de transporte Basque Card\">Consulta c\u00f3mo solicitar la Tarjeta Turista Basque Card<\/a><\/li>\n<\/ul>\n<h2>M\u00e1s informaci\u00f3n sobre precios y tarifas de los billetes de autob\u00fas de Dbus en San Sebasti\u00e1n<\/h2>\n<ul>\n<li><strong>Billetes de autob\u00fas sueltos:<\/strong><br \/>\nSe puede comprar un billete suelto, pagando en met\u00e1lico en el autob\u00fas. Eso s\u00ed, con el pago en met\u00e1lico no puedes hacer transbordos gratuitos. Si coges otro autob\u00fas, tendr\u00e1s que pagarlo de nuevo.<br \/>\nPor precio, resulta la forma m\u00e1s cara de viajar. Si puedes, consigue una tarjeta de transporte y evita pagar en met\u00e1lico. <\/li>\n<li><strong>Tarjetas Bat y Barik:<\/strong>Aunque resulta m\u00e1s econ\u00f3mico que pagar en met\u00e1lico, el funcionamiento es el mismo (los transbordos no son gratuitos).<\/li>\n<li><strong>Tarjetas Mugi an\u00f3nima:<\/strong> Con esta tarjeta se puede validar a m\u00e1s personas en el mismo viaje de autob\u00fas. Los transbordos son gratuitos.<br \/> Si no utilizas el autob\u00fas a menudo, ten en cuenta que la tarjeta caduca 12 meses despu\u00e9s de su \u00faltima recarga. <\/li>\n<li><strong>Tarjetas Lurraldebus y Mugi personalizadas<\/strong> Con estas tarjetas, el precio del billete de autob\u00fas var\u00eda en funci\u00f3n de cu\u00e1ntos viajes de autob\u00fas hagas al mes (cuantos m\u00e1s viajes, m\u00e1s barato). Adem\u00e1s, hay tarifas de descuento para j\u00f3venes, mayores de 65 a\u00f1os, personas con discapacidad y familias numerosas. <\/li>\n<\/ul>\n<p><a href=\"https:\/\/www.dbus.eus\/es\/usuarios\/tarifas-y-precios\/\" rel=\"noopener\" target=\"_blank\" title=\"Ir a la p\u00e1gina de Dbus\">M\u00e1s informaci\u00f3n de tarifas, billetes y tarjetas v\u00e1lidas para DBus<\/a><\/p>\n\n                <\/div>\n            <\/div>\n        <\/div>\n    <\/div>\n<\/section>\n\n\n<section class=\"section__access\">\n  <div class=\"container\">\n    <div class=\"row\">\n      <div class=\"col-12\">\n\t\t<div class=\"access__title\">\n\t\t\t\t\t\t\t\t\t<h2>TAMBI\u00c9N TE PUEDE INTERESAR<\/h2>\n\t\t<\/div>\n        \t\t\t<ul class=\"access__list\">\n\t\t\t\t\t\t\t\t\t\t\t\t\t\t\t\t\t\t\t\t\t\t\t\t\t\t\t<li class=\"access__list__item\">\n\t\t\t\t\t\t\t\t<a class=\"access__list__item__link\" href=\"https:\/\/www.transfermuga.eu\/es\/lineas\/autobus-urbano\/san-sebastian-dbus\/\" target=\"_self\" class=\"footer__main__menu__item__appblock__button button\">\n\t\t\t\t\t\t\t\t\t\t\t\t\t\t\t\t\t\t\t\t\t\t\t\t\t\t\t\t<img decoding=\"async\" class=\"access__list__item__img\" alt=\"Dbus: autob\u00fas urbano en el Kursaal de Donostia\" src=\"https:\/\/www.transfermuga.eu\/content\/uploads\/2022\/05\/dbus-kursaal.jpg\" class=\"round_block__infos__img\"\/>\n\t\t\t\t\t\t\t\t\t\t\t\t\t\t\t\t\t\t<span>DBUS: Los autobuses de San Sebasti\u00e1n<\/span>\n\t\t\t\t\t\t\t\t<\/a>\n\t\t\t\t\t\t\t<\/li>\n\t\t\t\t\t\t\t\t\t\t\t\t\t\t\t\t\t\t\t\t\t\t\t\t\t\t\t\t\t\t\t\t\t<li class=\"access__list__item\">\n\t\t\t\t\t\t\t\t<a class=\"access__list__item__link\" href=\"https:\/\/www.transfermuga.eu\/es\/lineas\/tarifas-billetes\/euskotren\/\" target=\"_self\" class=\"footer__main__menu__item__appblock__button button\">\n\t\t\t\t\t\t\t\t\t\t\t\t\t\t\t\t\t\t\t\t\t\t\t\t\t\t\t\t<img decoding=\"async\" class=\"access__list__item__img\" alt=\"Estaci\u00f3n de Euskotren de San Sebasti\u00e1n Amara\" src=\"https:\/\/www.transfermuga.eu\/content\/uploads\/2022\/04\/euskotren-donostia.jpg\" class=\"round_block__infos__img\"\/>\n\t\t\t\t\t\t\t\t\t\t\t\t\t\t\t\t\t\t<span>EUSKOTREN: Billetes y Tarifas<\/span>\n\t\t\t\t\t\t\t\t<\/a>\n\t\t\t\t\t\t\t<\/li>\n\t\t\t\t\t\t\t\t\t\t\t\t\t\t\t\t\t\t\t\t\t\t\t\t\t\t\t\t\t\t\t\t\t<li class=\"access__list__item\">\n\t\t\t\t\t\t\t\t<a class=\"access__list__item__link\" href=\"https:\/\/www.transfermuga.eu\/es\/lineas\/tarifas-billetes\/renfe-cercanias-san-sebastian\/\" target=\"_self\" class=\"footer__main__menu__item__appblock__button button\">\n\t\t\t\t\t\t\t\t\t\t\t\t\t\t\t\t\t\t\t\t\t\t\t\t\t\t\t\t<img decoding=\"async\" class=\"access__list__item__img\" alt=\"Tren Renfe Cercan\u00edas\" src=\"https:\/\/www.transfermuga.eu\/content\/uploads\/2022\/05\/renfe-cercanias-1024x768.jpg\" class=\"round_block__infos__img\"\/>\n\t\t\t\t\t\t\t\t\t\t\t\t\t\t\t\t\t\t<span>RENFE \u2013 Tarifas Cercan\u00edas San Sebasti\u00e1n<\/span>\n\t\t\t\t\t\t\t\t<\/a>\n\t\t\t\t\t\t\t<\/li>\n\t\t\t\t\t\t\t\t\t\t\t\t\t<\/ul>\n              <\/div>\n    <\/div>\n  <\/div>\n<\/section>","protected":false},"excerpt":{"rendered":"","protected":false},"author":8,"featured_media":5505,"parent":2049,"menu_order":5,"comment_status":"closed","ping_status":"closed","template":"","meta":{"_acf_changed":false,"_monsterinsights_skip_tracking":false,"_monsterinsights_sitenote_active":false,"_monsterinsights_sitenote_note":"","_monsterinsights_sitenote_category":0,"footnotes":""},"categories":[],"tags":[],"acf":[],"aioseo_notices":[],"yoast_head":"<!-- This site is optimized with the Yoast SEO plugin v22.9 - https:\/\/yoast.com\/wordpress\/plugins\/seo\/ -->\n<title>Dbus: Tarifas y billetes de autob\u00fas - Transfermuga<\/title>\n<meta name=\"description\" content=\"Tipos de billetes y tarjetas, precios y descuentos de Dbus, el autob\u00fas urbano de San Sebasti\u00e1n \/ Donostia. Descuentos, abonos...\" \/>\n<meta name=\"robots\" content=\"index, follow, max-snippet:-1, max-image-preview:large, max-video-preview:-1\" \/>\n<link rel=\"canonical\" href=\"https:\/\/www.transfermuga.eu\/es\/lineas\/tarifas-billetes\/dbus-san-sebastian\/\" \/>\n<meta property=\"og:locale\" content=\"es_ES\" \/>\n<meta property=\"og:type\" content=\"article\" \/>\n<meta property=\"og:title\" content=\"Dbus: Tarifas y billetes de autob\u00fas - Transfermuga\" \/>\n<meta property=\"og:description\" content=\"Tipos de billetes y tarjetas, precios y descuentos de Dbus, el autob\u00fas urbano de San Sebasti\u00e1n \/ Donostia. Descuentos, abonos...\" \/>\n<meta property=\"og:url\" content=\"https:\/\/www.transfermuga.eu\/es\/lineas\/tarifas-billetes\/dbus-san-sebastian\/\" \/>\n<meta property=\"og:site_name\" content=\"Transfermuga\" \/>\n<meta property=\"article:modified_time\" content=\"2022-05-06T07:32:28+00:00\" \/>\n<meta property=\"og:image\" content=\"https:\/\/www.transfermuga.eu\/content\/uploads\/2022\/05\/dbus-kursaal.jpg\" \/>\n\t<meta property=\"og:image:width\" content=\"845\" \/>\n\t<meta property=\"og:image:height\" content=\"634\" \/>\n\t<meta property=\"og:image:type\" content=\"image\/jpeg\" \/>\n<meta name=\"twitter:card\" content=\"summary_large_image\" \/>\n<script type=\"application\/ld+json\" class=\"yoast-schema-graph\">{\"@context\":\"https:\/\/schema.org\",\"@graph\":[{\"@type\":\"WebPage\",\"@id\":\"https:\/\/www.transfermuga.eu\/es\/lineas\/tarifas-billetes\/dbus-san-sebastian\/\",\"url\":\"https:\/\/www.transfermuga.eu\/es\/lineas\/tarifas-billetes\/dbus-san-sebastian\/\",\"name\":\"Dbus: Tarifas y billetes de autob\u00fas - Transfermuga\",\"isPartOf\":{\"@id\":\"https:\/\/www.transfermuga.eu\/es\/#website\"},\"primaryImageOfPage\":{\"@id\":\"https:\/\/www.transfermuga.eu\/es\/lineas\/tarifas-billetes\/dbus-san-sebastian\/#primaryimage\"},\"image\":{\"@id\":\"https:\/\/www.transfermuga.eu\/es\/lineas\/tarifas-billetes\/dbus-san-sebastian\/#primaryimage\"},\"thumbnailUrl\":\"https:\/\/www.transfermuga.eu\/content\/uploads\/2022\/05\/dbus-kursaal.jpg\",\"datePublished\":\"2022-04-19T07:48:13+00:00\",\"dateModified\":\"2022-05-06T07:32:28+00:00\",\"description\":\"Tipos de billetes y tarjetas, precios y descuentos de Dbus, el autob\u00fas urbano de San Sebasti\u00e1n \/ Donostia. Descuentos, abonos...\",\"breadcrumb\":{\"@id\":\"https:\/\/www.transfermuga.eu\/es\/lineas\/tarifas-billetes\/dbus-san-sebastian\/#breadcrumb\"},\"inLanguage\":\"es-ES\",\"potentialAction\":[{\"@type\":\"ReadAction\",\"target\":[\"https:\/\/www.transfermuga.eu\/es\/lineas\/tarifas-billetes\/dbus-san-sebastian\/\"]}]},{\"@type\":\"ImageObject\",\"inLanguage\":\"es-ES\",\"@id\":\"https:\/\/www.transfermuga.eu\/es\/lineas\/tarifas-billetes\/dbus-san-sebastian\/#primaryimage\",\"url\":\"https:\/\/www.transfermuga.eu\/content\/uploads\/2022\/05\/dbus-kursaal.jpg\",\"contentUrl\":\"https:\/\/www.transfermuga.eu\/content\/uploads\/2022\/05\/dbus-kursaal.jpg\",\"width\":845,\"height\":634,\"caption\":\"Dbus: autob\u00fas urbano en el Kursaal de Donostia\"},{\"@type\":\"BreadcrumbList\",\"@id\":\"https:\/\/www.transfermuga.eu\/es\/lineas\/tarifas-billetes\/dbus-san-sebastian\/#breadcrumb\",\"itemListElement\":[{\"@type\":\"ListItem\",\"position\":1,\"name\":\"L\u00edneas &#038; Billetes\",\"item\":\"https:\/\/www.transfermuga.eu\/es\/lineas\/\"},{\"@type\":\"ListItem\",\"position\":2,\"name\":\"Tarifas de billetes\",\"item\":\"https:\/\/www.transfermuga.eu\/es\/lineas\/tarifas-billetes\/\"},{\"@type\":\"ListItem\",\"position\":3,\"name\":\"DBUS: Tarifas de San Sebasti\u00e1n\"}]},{\"@type\":\"WebSite\",\"@id\":\"https:\/\/www.transfermuga.eu\/es\/#website\",\"url\":\"https:\/\/www.transfermuga.eu\/es\/\",\"name\":\"Transfermuga\",\"description\":\"L&#039;info de la mobilit\u00e9 transfrontali\u00e8re\",\"publisher\":{\"@id\":\"https:\/\/www.transfermuga.eu\/es\/#organization\"},\"potentialAction\":[{\"@type\":\"SearchAction\",\"target\":{\"@type\":\"EntryPoint\",\"urlTemplate\":\"https:\/\/www.transfermuga.eu\/es\/?s={search_term_string}\"},\"query-input\":\"required name=search_term_string\"}],\"inLanguage\":\"es-ES\"},{\"@type\":\"Organization\",\"@id\":\"https:\/\/www.transfermuga.eu\/es\/#organization\",\"name\":\"Transfermuga\",\"url\":\"https:\/\/www.transfermuga.eu\/es\/\",\"logo\":{\"@type\":\"ImageObject\",\"inLanguage\":\"es-ES\",\"@id\":\"https:\/\/www.transfermuga.eu\/es\/#\/schema\/logo\/image\/\",\"url\":\"https:\/\/www.transfermuga.eu\/content\/uploads\/2021\/06\/cropped-Interreg-POCTEFA-TRANSFERMUGA-RREKIN-RGB.png\",\"contentUrl\":\"https:\/\/www.transfermuga.eu\/content\/uploads\/2021\/06\/cropped-Interreg-POCTEFA-TRANSFERMUGA-RREKIN-RGB.png\",\"width\":1843,\"height\":827,\"caption\":\"Transfermuga\"},\"image\":{\"@id\":\"https:\/\/www.transfermuga.eu\/es\/#\/schema\/logo\/image\/\"}}]}<\/script>\n<!-- \/ Yoast SEO plugin. -->","yoast_head_json":{"title":"Dbus: Tarifas y billetes de autob\u00fas - Transfermuga","description":"Tipos de billetes y tarjetas, precios y descuentos de Dbus, el autob\u00fas urbano de San Sebasti\u00e1n \/ Donostia. Descuentos, abonos...","robots":{"index":"index","follow":"follow","max-snippet":"max-snippet:-1","max-image-preview":"max-image-preview:large","max-video-preview":"max-video-preview:-1"},"canonical":"https:\/\/www.transfermuga.eu\/es\/lineas\/tarifas-billetes\/dbus-san-sebastian\/","og_locale":"es_ES","og_type":"article","og_title":"Dbus: Tarifas y billetes de autob\u00fas - Transfermuga","og_description":"Tipos de billetes y tarjetas, precios y descuentos de Dbus, el autob\u00fas urbano de San Sebasti\u00e1n \/ Donostia. Descuentos, abonos...","og_url":"https:\/\/www.transfermuga.eu\/es\/lineas\/tarifas-billetes\/dbus-san-sebastian\/","og_site_name":"Transfermuga","article_modified_time":"2022-05-06T07:32:28+00:00","og_image":[{"width":845,"height":634,"url":"https:\/\/www.transfermuga.eu\/content\/uploads\/2022\/05\/dbus-kursaal.jpg","type":"image\/jpeg"}],"twitter_card":"summary_large_image","schema":{"@context":"https:\/\/schema.org","@graph":[{"@type":"WebPage","@id":"https:\/\/www.transfermuga.eu\/es\/lineas\/tarifas-billetes\/dbus-san-sebastian\/","url":"https:\/\/www.transfermuga.eu\/es\/lineas\/tarifas-billetes\/dbus-san-sebastian\/","name":"Dbus: Tarifas y billetes de autob\u00fas - Transfermuga","isPartOf":{"@id":"https:\/\/www.transfermuga.eu\/es\/#website"},"primaryImageOfPage":{"@id":"https:\/\/www.transfermuga.eu\/es\/lineas\/tarifas-billetes\/dbus-san-sebastian\/#primaryimage"},"image":{"@id":"https:\/\/www.transfermuga.eu\/es\/lineas\/tarifas-billetes\/dbus-san-sebastian\/#primaryimage"},"thumbnailUrl":"https:\/\/www.transfermuga.eu\/content\/uploads\/2022\/05\/dbus-kursaal.jpg","datePublished":"2022-04-19T07:48:13+00:00","dateModified":"2022-05-06T07:32:28+00:00","description":"Tipos de billetes y tarjetas, precios y descuentos de Dbus, el autob\u00fas urbano de San Sebasti\u00e1n \/ Donostia. Descuentos, abonos...","breadcrumb":{"@id":"https:\/\/www.transfermuga.eu\/es\/lineas\/tarifas-billetes\/dbus-san-sebastian\/#breadcrumb"},"inLanguage":"es-ES","potentialAction":[{"@type":"ReadAction","target":["https:\/\/www.transfermuga.eu\/es\/lineas\/tarifas-billetes\/dbus-san-sebastian\/"]}]},{"@type":"ImageObject","inLanguage":"es-ES","@id":"https:\/\/www.transfermuga.eu\/es\/lineas\/tarifas-billetes\/dbus-san-sebastian\/#primaryimage","url":"https:\/\/www.transfermuga.eu\/content\/uploads\/2022\/05\/dbus-kursaal.jpg","contentUrl":"https:\/\/www.transfermuga.eu\/content\/uploads\/2022\/05\/dbus-kursaal.jpg","width":845,"height":634,"caption":"Dbus: autob\u00fas urbano en el Kursaal de Donostia"},{"@type":"BreadcrumbList","@id":"https:\/\/www.transfermuga.eu\/es\/lineas\/tarifas-billetes\/dbus-san-sebastian\/#breadcrumb","itemListElement":[{"@type":"ListItem","position":1,"name":"L\u00edneas &#038; Billetes","item":"https:\/\/www.transfermuga.eu\/es\/lineas\/"},{"@type":"ListItem","position":2,"name":"Tarifas de billetes","item":"https:\/\/www.transfermuga.eu\/es\/lineas\/tarifas-billetes\/"},{"@type":"ListItem","position":3,"name":"DBUS: Tarifas de San Sebasti\u00e1n"}]},{"@type":"WebSite","@id":"https:\/\/www.transfermuga.eu\/es\/#website","url":"https:\/\/www.transfermuga.eu\/es\/","name":"Transfermuga","description":"L&#039;info de la mobilit\u00e9 transfrontali\u00e8re","publisher":{"@id":"https:\/\/www.transfermuga.eu\/es\/#organization"},"potentialAction":[{"@type":"SearchAction","target":{"@type":"EntryPoint","urlTemplate":"https:\/\/www.transfermuga.eu\/es\/?s={search_term_string}"},"query-input":"required name=search_term_string"}],"inLanguage":"es-ES"},{"@type":"Organization","@id":"https:\/\/www.transfermuga.eu\/es\/#organization","name":"Transfermuga","url":"https:\/\/www.transfermuga.eu\/es\/","logo":{"@type":"ImageObject","inLanguage":"es-ES","@id":"https:\/\/www.transfermuga.eu\/es\/#\/schema\/logo\/image\/","url":"https:\/\/www.transfermuga.eu\/content\/uploads\/2021\/06\/cropped-Interreg-POCTEFA-TRANSFERMUGA-RREKIN-RGB.png","contentUrl":"https:\/\/www.transfermuga.eu\/content\/uploads\/2021\/06\/cropped-Interreg-POCTEFA-TRANSFERMUGA-RREKIN-RGB.png","width":1843,"height":827,"caption":"Transfermuga"},"image":{"@id":"https:\/\/www.transfermuga.eu\/es\/#\/schema\/logo\/image\/"}}]}},"_links":{"self":[{"href":"https:\/\/www.transfermuga.eu\/es\/wp-json\/wp\/v2\/pages\/4486"}],"collection":[{"href":"https:\/\/www.transfermuga.eu\/es\/wp-json\/wp\/v2\/pages"}],"about":[{"href":"https:\/\/www.transfermuga.eu\/es\/wp-json\/wp\/v2\/types\/page"}],"author":[{"embeddable":true,"href":"https:\/\/www.transfermuga.eu\/es\/wp-json\/wp\/v2\/users\/8"}],"replies":[{"embeddable":true,"href":"https:\/\/www.transfermuga.eu\/es\/wp-json\/wp\/v2\/comments?post=4486"}],"version-history":[{"count":13,"href":"https:\/\/www.transfermuga.eu\/es\/wp-json\/wp\/v2\/pages\/4486\/revisions"}],"predecessor-version":[{"id":6043,"href":"https:\/\/www.transfermuga.eu\/es\/wp-json\/wp\/v2\/pages\/4486\/revisions\/6043"}],"up":[{"embeddable":true,"href":"https:\/\/www.transfermuga.eu\/es\/wp-json\/wp\/v2\/pages\/2049"}],"wp:featuredmedia":[{"embeddable":true,"href":"https:\/\/www.transfermuga.eu\/es\/wp-json\/wp\/v2\/media\/5505"}],"wp:attachment":[{"href":"https:\/\/www.transfermuga.eu\/es\/wp-json\/wp\/v2\/media?parent=4486"}],"wp:term":[{"taxonomy":"category","embeddable":true,"href":"https:\/\/www.transfermuga.eu\/es\/wp-json\/wp\/v2\/categories?post=4486"},{"taxonomy":"post_tag","embeddable":true,"href":"https:\/\/www.transfermuga.eu\/es\/wp-json\/wp\/v2\/tags?post=4486"}],"curies":[{"name":"wp","href":"https:\/\/api.w.org\/{rel}","templated":true}]}}