{"id":4130,"date":"2022-04-11T13:30:26","date_gmt":"2022-04-11T11:30:26","guid":{"rendered":"https:\/\/www.transfermuga.eu\/?page_id=4130"},"modified":"2022-05-06T09:33:16","modified_gmt":"2022-05-06T07:33:16","slug":"hegobus-hendaya-san-juan-luz","status":"publish","type":"page","link":"https:\/\/www.transfermuga.eu\/es\/lineas\/tarifas-billetes\/hegobus-hendaya-san-juan-luz\/","title":{"rendered":"HEGOBUS &#8211; Billetes para Hendaya  y San Juan de Luz"},"content":{"rendered":"<section class=\"hero\">\n    <div class=\"container hero__container\">\n        <div class=\"row\">\n            <div class=\" col-12 col-md-10 offset-md-1 hero__text\">\n                                    <p class=\"d-none d-md-inline-block\" id=\"breadcrumbs\"><\/p>                                \n                <h1 class=\"hero__title\">HEGOBUS &#8211; Tarifas y billetes de autob\u00fas de Hendaya y San Juan de Luz<\/h1>\n                <p class=\"hero__description\">\n                    \n                <\/p>\n            <\/div>\n        <\/div>\n<\/section>\n\n<section class=\"section-content\">\n    <div class=\"container\">\n        <div class=\"row\">\n            <div class=\"col-12 col-lg-6 offset-lg-3\">\n                <div class=\"article-content\">\n                    <h2>Precios y tarifas de los billetes de autob\u00fas de Hegobus<\/h2>\n<ul>\n<li><strong>Billetes de autob\u00fas sueltos: <\/strong><br \/>\nSe puede comprar un billete suelto (v\u00e1lido durante 1 horas a partir de la validaci\u00f3n del ticket incluso para hacer transbordo en otros autobuses Hegobus). <\/p>\n<ul>\n<li><strong>Taco de 10 billetes: <\/strong> Descuento si se compra un taco de 10 billetes<\/li>\n<ul>\n<li><strong>Otros descuentos en billetes de autob\u00fas sueltos:<\/strong>\n<ul>\n<li>Tarifa Joven (menos de 26 a\u00f1os)<\/li>\n<li>Tarifa para beneficiarios de CMU o RSA: descuento presentando el certificado correspondiente.<\/li>\n<li>Tarifa especial para jubilados<\/li>\n<\/ul>\n<\/li>\n<\/ul>\n<\/li>\n<li><a href=\"https:\/\/www.transfermuga.eu\/es\/lineas\/tarifas-billetes\/euskopass\/\" title=\"Ver m\u00e1s informaci\u00f3n sobre el billete EuskoPass\"><strong>EuskoPass:<\/strong><\/a> sirve para utilizar la red de autobuses Hegobus y coger el Topo Euskotren en Hendaya. Este billete cubre el trayecto en Euskotren hasta San Sebasti\u00e1n.<\/li>\n<li>Hay <strong>abonos <\/strong>semanales, mensuales, trimestrales y anuales.<br \/>\nDescuentos para j\u00f3venes y jubilados tambi\u00e9n en los abonos mensuales y anuales.<\/li>\n<li><strong>Billete de autob\u00fas gratuitos:<\/strong> Ticket gratuito para ni\u00f1os menores de 6 a\u00f1os<\/li>\n<\/ul>\n<p><a href=\"https:\/\/hegobus.fr\/es\/billetes-y-tarifas\/billetes\/\" title=\"Ir a la p\u00e1gina de tarifas de Hegobus\">M\u00e1s informaci\u00f3n de tarifas y billetes Hegobus.<\/a><\/p>\n<h2>\u00bfD\u00f3nde comprar los billetes de autob\u00fas de Hegobus?<\/h2>\n<p> Los billetes sueltos (billete est\u00e1ndar y billete de un d\u00eda) se pueden comprar <strong>en el mismo autob\u00fas<\/strong>. <\/p>\n<p>Para otro tipo de billetes (billete de una semana, packs de 10 billetes, EuskoPass) se puede acudir a <strong>agencias<\/strong> (tiendas especializadas) o comprar a trav\u00e9s de la <a href=\"https:\/\/hegobus.fr\/fr\/connecter\/application\/\" title=\"Ver m\u00e1s informaci\u00f3n sobre la App M\u00f3vil de MyBus en el sitio web de Hegobus\">app m\u00f3vil MyBus<\/a><\/p>\n\n                <\/div>\n            <\/div>\n        <\/div>\n    <\/div>\n<\/section>\n\n\n<section class=\"section__access\">\n  <div class=\"container\">\n    <div class=\"row\">\n      <div class=\"col-12\">\n\t\t<div class=\"access__title\">\n\t\t\t\t\t\t\t\t\t<h2>TAMBI\u00c9N TE PUEDE INTERESAR<\/h2>\n\t\t<\/div>\n        \t\t\t<ul class=\"access__list\">\n\t\t\t\t\t\t\t\t\t\t\t\t\t\t\t\t\t\t\t\t\t\t\t\t\t\t\t<li class=\"access__list__item\">\n\t\t\t\t\t\t\t\t<a class=\"access__list__item__link\" href=\"https:\/\/www.transfermuga.eu\/es\/lineas\/autobus-urbano\/hegobus-hendaya-san-juan-luz\/\" target=\"_self\" class=\"footer__main__menu__item__appblock__button button\">\n\t\t\t\t\t\t\t\t\t\t\t\t\t\t\t\t\t\t\t\t\t\t\t\t\t\t\t\t<img decoding=\"async\" class=\"access__list__item__img\" alt=\"Hegobus autobus Hendaya Ir\u00fan\" src=\"https:\/\/www.transfermuga.eu\/content\/uploads\/2022\/04\/hegobus-autobus.jpg\" class=\"round_block__infos__img\"\/>\n\t\t\t\t\t\t\t\t\t\t\t\t\t\t\t\t\t\t<span>HEGOBUS: Los autobuses de Hendaya y San Juan de Luz<\/span>\n\t\t\t\t\t\t\t\t<\/a>\n\t\t\t\t\t\t\t<\/li>\n\t\t\t\t\t\t\t\t\t\t\t\t\t\t\t\t\t\t\t\t\t\t\t\t\t\t\t\t\t\t\t\t\t<li class=\"access__list__item\">\n\t\t\t\t\t\t\t\t<a class=\"access__list__item__link\" href=\"https:\/\/www.transfermuga.eu\/es\/lineas\/tarifas-billetes\/euskopass\/\" target=\"_self\" class=\"footer__main__menu__item__appblock__button button\">\n\t\t\t\t\t\t\t\t\t\t\t\t\t\t\t\t\t\t\t\t\t\t\t\t\t\t\t\t<img decoding=\"async\" class=\"access__list__item__img\" alt=\"autobuses urbano e interurbano en Hendaya y San Juan de Luz\" src=\"https:\/\/www.transfermuga.eu\/content\/uploads\/2022\/05\/hegobus-bus-1024x683.jpg\" class=\"round_block__infos__img\"\/>\n\t\t\t\t\t\t\t\t\t\t\t\t\t\t\t\t\t\t<span>EUSKOPASS \u2013 Billete \u00fanico entre el Topo y autob\u00fas<\/span>\n\t\t\t\t\t\t\t\t<\/a>\n\t\t\t\t\t\t\t<\/li>\n\t\t\t\t\t\t\t\t\t\t\t\t\t\t\t\t\t\t\t\t\t\t\t\t\t\t\t\t\t\t\t\t\t<li class=\"access__list__item\">\n\t\t\t\t\t\t\t\t<a class=\"access__list__item__link\" href=\"https:\/\/www.transfermuga.eu\/es\/lineas\/tarifas-billetes\/passbask\/\" target=\"_self\" class=\"footer__main__menu__item__appblock__button button\">\n\t\t\t\t\t\t\t\t\t\t\t\t\t\t\t\t\t\t\t\t\t\t\t\t\t\t\t\t<img decoding=\"async\" class=\"access__list__item__img\" alt=\"Estaci\u00f3n de tren de Hendaya\" src=\"https:\/\/www.transfermuga.eu\/content\/uploads\/2021\/06\/fdb_euroregion_201_s.jpeg\" class=\"round_block__infos__img\"\/>\n\t\t\t\t\t\t\t\t\t\t\t\t\t\t\t\t\t\t<span>PASSBASK \u2013 el billete de tren transfronterizo<\/span>\n\t\t\t\t\t\t\t\t<\/a>\n\t\t\t\t\t\t\t<\/li>\n\t\t\t\t\t\t\t\t\t\t\t\t\t<\/ul>\n              <\/div>\n    <\/div>\n  <\/div>\n<\/section>","protected":false},"excerpt":{"rendered":"","protected":false},"author":8,"featured_media":4079,"parent":2049,"menu_order":8,"comment_status":"closed","ping_status":"closed","template":"","meta":{"_acf_changed":false,"_monsterinsights_skip_tracking":false,"_monsterinsights_sitenote_active":false,"_monsterinsights_sitenote_note":"","_monsterinsights_sitenote_category":0,"footnotes":""},"categories":[],"tags":[],"acf":[],"aioseo_notices":[],"yoast_head":"<!-- This site is optimized with the Yoast SEO plugin v22.9 - https:\/\/yoast.com\/wordpress\/plugins\/seo\/ -->\n<title>Hegobus: Tarifas y billetes de autob\u00fas - Transfermuga<\/title>\n<meta name=\"description\" content=\"Tipos de billetes, precios y descuentos de Hegobus de Hendaya y San Juan de Luz. Descuentos, abonos, d\u00f3nde comprar tus billetes de autob\u00fas.\" \/>\n<meta name=\"robots\" content=\"index, follow, max-snippet:-1, max-image-preview:large, max-video-preview:-1\" \/>\n<link rel=\"canonical\" href=\"https:\/\/www.transfermuga.eu\/es\/lineas\/tarifas-billetes\/hegobus-hendaya-san-juan-luz\/\" \/>\n<meta property=\"og:locale\" content=\"es_ES\" \/>\n<meta property=\"og:type\" content=\"article\" \/>\n<meta property=\"og:title\" content=\"Hegobus: Tarifas y billetes de autob\u00fas - Transfermuga\" \/>\n<meta property=\"og:description\" content=\"Tipos de billetes, precios y descuentos de Hegobus de Hendaya y San Juan de Luz. Descuentos, abonos, d\u00f3nde comprar tus billetes de autob\u00fas.\" \/>\n<meta property=\"og:url\" content=\"https:\/\/www.transfermuga.eu\/es\/lineas\/tarifas-billetes\/hegobus-hendaya-san-juan-luz\/\" \/>\n<meta property=\"og:site_name\" content=\"Transfermuga\" \/>\n<meta property=\"article:modified_time\" content=\"2022-05-06T07:33:16+00:00\" \/>\n<meta property=\"og:image\" content=\"https:\/\/www.transfermuga.eu\/content\/uploads\/2022\/04\/hegobus-autobus.jpg\" \/>\n\t<meta property=\"og:image:width\" content=\"624\" \/>\n\t<meta property=\"og:image:height\" content=\"474\" \/>\n\t<meta property=\"og:image:type\" content=\"image\/jpeg\" \/>\n<meta name=\"twitter:card\" content=\"summary_large_image\" \/>\n<script type=\"application\/ld+json\" class=\"yoast-schema-graph\">{\"@context\":\"https:\/\/schema.org\",\"@graph\":[{\"@type\":\"WebPage\",\"@id\":\"https:\/\/www.transfermuga.eu\/es\/lineas\/tarifas-billetes\/hegobus-hendaya-san-juan-luz\/\",\"url\":\"https:\/\/www.transfermuga.eu\/es\/lineas\/tarifas-billetes\/hegobus-hendaya-san-juan-luz\/\",\"name\":\"Hegobus: Tarifas y billetes de autob\u00fas - Transfermuga\",\"isPartOf\":{\"@id\":\"https:\/\/www.transfermuga.eu\/es\/#website\"},\"primaryImageOfPage\":{\"@id\":\"https:\/\/www.transfermuga.eu\/es\/lineas\/tarifas-billetes\/hegobus-hendaya-san-juan-luz\/#primaryimage\"},\"image\":{\"@id\":\"https:\/\/www.transfermuga.eu\/es\/lineas\/tarifas-billetes\/hegobus-hendaya-san-juan-luz\/#primaryimage\"},\"thumbnailUrl\":\"https:\/\/www.transfermuga.eu\/content\/uploads\/2022\/04\/hegobus-autobus.jpg\",\"datePublished\":\"2022-04-11T11:30:26+00:00\",\"dateModified\":\"2022-05-06T07:33:16+00:00\",\"description\":\"Tipos de billetes, precios y descuentos de Hegobus de Hendaya y San Juan de Luz. Descuentos, abonos, d\u00f3nde comprar tus billetes de autob\u00fas.\",\"breadcrumb\":{\"@id\":\"https:\/\/www.transfermuga.eu\/es\/lineas\/tarifas-billetes\/hegobus-hendaya-san-juan-luz\/#breadcrumb\"},\"inLanguage\":\"es-ES\",\"potentialAction\":[{\"@type\":\"ReadAction\",\"target\":[\"https:\/\/www.transfermuga.eu\/es\/lineas\/tarifas-billetes\/hegobus-hendaya-san-juan-luz\/\"]}]},{\"@type\":\"ImageObject\",\"inLanguage\":\"es-ES\",\"@id\":\"https:\/\/www.transfermuga.eu\/es\/lineas\/tarifas-billetes\/hegobus-hendaya-san-juan-luz\/#primaryimage\",\"url\":\"https:\/\/www.transfermuga.eu\/content\/uploads\/2022\/04\/hegobus-autobus.jpg\",\"contentUrl\":\"https:\/\/www.transfermuga.eu\/content\/uploads\/2022\/04\/hegobus-autobus.jpg\",\"width\":624,\"height\":474,\"caption\":\"Hegobus autobus Hendaya Ir\u00fan\"},{\"@type\":\"BreadcrumbList\",\"@id\":\"https:\/\/www.transfermuga.eu\/es\/lineas\/tarifas-billetes\/hegobus-hendaya-san-juan-luz\/#breadcrumb\",\"itemListElement\":[{\"@type\":\"ListItem\",\"position\":1,\"name\":\"L\u00edneas &#038; Billetes\",\"item\":\"https:\/\/www.transfermuga.eu\/es\/lineas\/\"},{\"@type\":\"ListItem\",\"position\":2,\"name\":\"Tarifas de billetes\",\"item\":\"https:\/\/www.transfermuga.eu\/es\/lineas\/tarifas-billetes\/\"},{\"@type\":\"ListItem\",\"position\":3,\"name\":\"HEGOBUS &#8211; Billetes para Hendaya y San Juan de Luz\"}]},{\"@type\":\"WebSite\",\"@id\":\"https:\/\/www.transfermuga.eu\/es\/#website\",\"url\":\"https:\/\/www.transfermuga.eu\/es\/\",\"name\":\"Transfermuga\",\"description\":\"L&#039;info de la mobilit\u00e9 transfrontali\u00e8re\",\"publisher\":{\"@id\":\"https:\/\/www.transfermuga.eu\/es\/#organization\"},\"potentialAction\":[{\"@type\":\"SearchAction\",\"target\":{\"@type\":\"EntryPoint\",\"urlTemplate\":\"https:\/\/www.transfermuga.eu\/es\/?s={search_term_string}\"},\"query-input\":\"required name=search_term_string\"}],\"inLanguage\":\"es-ES\"},{\"@type\":\"Organization\",\"@id\":\"https:\/\/www.transfermuga.eu\/es\/#organization\",\"name\":\"Transfermuga\",\"url\":\"https:\/\/www.transfermuga.eu\/es\/\",\"logo\":{\"@type\":\"ImageObject\",\"inLanguage\":\"es-ES\",\"@id\":\"https:\/\/www.transfermuga.eu\/es\/#\/schema\/logo\/image\/\",\"url\":\"https:\/\/www.transfermuga.eu\/content\/uploads\/2021\/06\/cropped-Interreg-POCTEFA-TRANSFERMUGA-RREKIN-RGB.png\",\"contentUrl\":\"https:\/\/www.transfermuga.eu\/content\/uploads\/2021\/06\/cropped-Interreg-POCTEFA-TRANSFERMUGA-RREKIN-RGB.png\",\"width\":1843,\"height\":827,\"caption\":\"Transfermuga\"},\"image\":{\"@id\":\"https:\/\/www.transfermuga.eu\/es\/#\/schema\/logo\/image\/\"}}]}<\/script>\n<!-- \/ Yoast SEO plugin. -->","yoast_head_json":{"title":"Hegobus: Tarifas y billetes de autob\u00fas - Transfermuga","description":"Tipos de billetes, precios y descuentos de Hegobus de Hendaya y San Juan de Luz. Descuentos, abonos, d\u00f3nde comprar tus billetes de autob\u00fas.","robots":{"index":"index","follow":"follow","max-snippet":"max-snippet:-1","max-image-preview":"max-image-preview:large","max-video-preview":"max-video-preview:-1"},"canonical":"https:\/\/www.transfermuga.eu\/es\/lineas\/tarifas-billetes\/hegobus-hendaya-san-juan-luz\/","og_locale":"es_ES","og_type":"article","og_title":"Hegobus: Tarifas y billetes de autob\u00fas - Transfermuga","og_description":"Tipos de billetes, precios y descuentos de Hegobus de Hendaya y San Juan de Luz. Descuentos, abonos, d\u00f3nde comprar tus billetes de autob\u00fas.","og_url":"https:\/\/www.transfermuga.eu\/es\/lineas\/tarifas-billetes\/hegobus-hendaya-san-juan-luz\/","og_site_name":"Transfermuga","article_modified_time":"2022-05-06T07:33:16+00:00","og_image":[{"width":624,"height":474,"url":"https:\/\/www.transfermuga.eu\/content\/uploads\/2022\/04\/hegobus-autobus.jpg","type":"image\/jpeg"}],"twitter_card":"summary_large_image","schema":{"@context":"https:\/\/schema.org","@graph":[{"@type":"WebPage","@id":"https:\/\/www.transfermuga.eu\/es\/lineas\/tarifas-billetes\/hegobus-hendaya-san-juan-luz\/","url":"https:\/\/www.transfermuga.eu\/es\/lineas\/tarifas-billetes\/hegobus-hendaya-san-juan-luz\/","name":"Hegobus: Tarifas y billetes de autob\u00fas - Transfermuga","isPartOf":{"@id":"https:\/\/www.transfermuga.eu\/es\/#website"},"primaryImageOfPage":{"@id":"https:\/\/www.transfermuga.eu\/es\/lineas\/tarifas-billetes\/hegobus-hendaya-san-juan-luz\/#primaryimage"},"image":{"@id":"https:\/\/www.transfermuga.eu\/es\/lineas\/tarifas-billetes\/hegobus-hendaya-san-juan-luz\/#primaryimage"},"thumbnailUrl":"https:\/\/www.transfermuga.eu\/content\/uploads\/2022\/04\/hegobus-autobus.jpg","datePublished":"2022-04-11T11:30:26+00:00","dateModified":"2022-05-06T07:33:16+00:00","description":"Tipos de billetes, precios y descuentos de Hegobus de Hendaya y San Juan de Luz. Descuentos, abonos, d\u00f3nde comprar tus billetes de autob\u00fas.","breadcrumb":{"@id":"https:\/\/www.transfermuga.eu\/es\/lineas\/tarifas-billetes\/hegobus-hendaya-san-juan-luz\/#breadcrumb"},"inLanguage":"es-ES","potentialAction":[{"@type":"ReadAction","target":["https:\/\/www.transfermuga.eu\/es\/lineas\/tarifas-billetes\/hegobus-hendaya-san-juan-luz\/"]}]},{"@type":"ImageObject","inLanguage":"es-ES","@id":"https:\/\/www.transfermuga.eu\/es\/lineas\/tarifas-billetes\/hegobus-hendaya-san-juan-luz\/#primaryimage","url":"https:\/\/www.transfermuga.eu\/content\/uploads\/2022\/04\/hegobus-autobus.jpg","contentUrl":"https:\/\/www.transfermuga.eu\/content\/uploads\/2022\/04\/hegobus-autobus.jpg","width":624,"height":474,"caption":"Hegobus autobus Hendaya Ir\u00fan"},{"@type":"BreadcrumbList","@id":"https:\/\/www.transfermuga.eu\/es\/lineas\/tarifas-billetes\/hegobus-hendaya-san-juan-luz\/#breadcrumb","itemListElement":[{"@type":"ListItem","position":1,"name":"L\u00edneas &#038; Billetes","item":"https:\/\/www.transfermuga.eu\/es\/lineas\/"},{"@type":"ListItem","position":2,"name":"Tarifas de billetes","item":"https:\/\/www.transfermuga.eu\/es\/lineas\/tarifas-billetes\/"},{"@type":"ListItem","position":3,"name":"HEGOBUS &#8211; Billetes para Hendaya y San Juan de Luz"}]},{"@type":"WebSite","@id":"https:\/\/www.transfermuga.eu\/es\/#website","url":"https:\/\/www.transfermuga.eu\/es\/","name":"Transfermuga","description":"L&#039;info de la mobilit\u00e9 transfrontali\u00e8re","publisher":{"@id":"https:\/\/www.transfermuga.eu\/es\/#organization"},"potentialAction":[{"@type":"SearchAction","target":{"@type":"EntryPoint","urlTemplate":"https:\/\/www.transfermuga.eu\/es\/?s={search_term_string}"},"query-input":"required name=search_term_string"}],"inLanguage":"es-ES"},{"@type":"Organization","@id":"https:\/\/www.transfermuga.eu\/es\/#organization","name":"Transfermuga","url":"https:\/\/www.transfermuga.eu\/es\/","logo":{"@type":"ImageObject","inLanguage":"es-ES","@id":"https:\/\/www.transfermuga.eu\/es\/#\/schema\/logo\/image\/","url":"https:\/\/www.transfermuga.eu\/content\/uploads\/2021\/06\/cropped-Interreg-POCTEFA-TRANSFERMUGA-RREKIN-RGB.png","contentUrl":"https:\/\/www.transfermuga.eu\/content\/uploads\/2021\/06\/cropped-Interreg-POCTEFA-TRANSFERMUGA-RREKIN-RGB.png","width":1843,"height":827,"caption":"Transfermuga"},"image":{"@id":"https:\/\/www.transfermuga.eu\/es\/#\/schema\/logo\/image\/"}}]}},"_links":{"self":[{"href":"https:\/\/www.transfermuga.eu\/es\/wp-json\/wp\/v2\/pages\/4130"}],"collection":[{"href":"https:\/\/www.transfermuga.eu\/es\/wp-json\/wp\/v2\/pages"}],"about":[{"href":"https:\/\/www.transfermuga.eu\/es\/wp-json\/wp\/v2\/types\/page"}],"author":[{"embeddable":true,"href":"https:\/\/www.transfermuga.eu\/es\/wp-json\/wp\/v2\/users\/8"}],"replies":[{"embeddable":true,"href":"https:\/\/www.transfermuga.eu\/es\/wp-json\/wp\/v2\/comments?post=4130"}],"version-history":[{"count":23,"href":"https:\/\/www.transfermuga.eu\/es\/wp-json\/wp\/v2\/pages\/4130\/revisions"}],"predecessor-version":[{"id":6034,"href":"https:\/\/www.transfermuga.eu\/es\/wp-json\/wp\/v2\/pages\/4130\/revisions\/6034"}],"up":[{"embeddable":true,"href":"https:\/\/www.transfermuga.eu\/es\/wp-json\/wp\/v2\/pages\/2049"}],"wp:featuredmedia":[{"embeddable":true,"href":"https:\/\/www.transfermuga.eu\/es\/wp-json\/wp\/v2\/media\/4079"}],"wp:attachment":[{"href":"https:\/\/www.transfermuga.eu\/es\/wp-json\/wp\/v2\/media?parent=4130"}],"wp:term":[{"taxonomy":"category","embeddable":true,"href":"https:\/\/www.transfermuga.eu\/es\/wp-json\/wp\/v2\/categories?post=4130"},{"taxonomy":"post_tag","embeddable":true,"href":"https:\/\/www.transfermuga.eu\/es\/wp-json\/wp\/v2\/tags?post=4130"}],"curies":[{"name":"wp","href":"https:\/\/api.w.org\/{rel}","templated":true}]}}