{"id":2292,"date":"2021-07-06T12:26:00","date_gmt":"2021-07-06T10:26:27","guid":{"rendered":"https:\/\/www.transfermuga.eu\/?page_id=2292"},"modified":"2022-08-09T10:57:21","modified_gmt":"2022-08-09T08:57:21","slug":"la-red-ter-de-nueva-aquitania","status":"publish","type":"page","link":"https:\/\/www.transfermuga.eu\/es\/lineas\/tren\/la-red-ter-de-nueva-aquitania\/","title":{"rendered":"La red TER de Nueva-Aquitania"},"content":{"rendered":"<section class=\"hero\">\n    <div class=\"container hero__container\">\n        <div class=\"row\">\n            <div class=\" col-12 col-md-10 offset-md-1 hero__text\">\n                                    <p class=\"d-none d-md-inline-block\" id=\"breadcrumbs\"><\/p>                                \n                <h1 class=\"hero__title\">La red TER de Nueva-Aquitania<\/h1>\n                <p class=\"hero__description\">\n                    \n                <\/p>\n            <\/div>\n        <\/div>\n<\/section>\n\n<section class=\"section-content\">\n    <div class=\"container\">\n        <div class=\"row\">\n            <div class=\"col-12 col-lg-6 offset-lg-3\">\n                <div class=\"article-content\">\n                    <p>La regi\u00f3n de Nouvelle-Aquitaine ofrece trenes expresos regionales (TER) en todo el territorio. Adem\u00e1s de estos trenes, existen los trenes Intercity y TGV de la SNCF.<\/p>\n<p>Para el precio del viaje, el baremo es por kil\u00f3metro. En cualquier caso, la tarifa puede reducirse con un abono. <a href=\"#tarifs\">Aqu\u00ed te contamos m\u00e1s detalles sobre los tipos de tarifas y abonos<\/a><\/p>\n<img decoding=\"async\" class=\"wp-image-1191\" src=\"https:\/\/www.transfermuga.eu\/content\/uploads\/2022\/05\/carte-reseau-ter-nouvelle-aquitaine.png\" alt=\"Plano de la red de Trenes TER en Nouvelle Aquitaine\"\/>\n<p><a href=\"https:\/\/mmt.vsct.fr\/sites\/default\/files\/swt\/CNAQ\/2021-11\/RNA-Carte%20Reseau%20TER-A0-0221HDV3_tcm78-165262_tcm78-165261_0.pdf\" target=\"_blank\" title=\"Descargar plano de l\u00edneas TER de SNCF en formato PDF\">Descargar plano de las l\u00edneas de tren TER en Nueva Aquitania<\/a><\/p>\n<h2>L\u00edneas de TER cercanas a la frontera<\/h2>\n<p>Entre las l\u00edneas ferroviarias del TER en Nueva Aquitania, destacamos las m\u00e1s cercanas a la frontera.<\/p>\n<div class=\"destacado\">\u00bfNo sabes a qu\u00e9 hora sale el pr\u00f3ximo tren? <a href=\"https:\/\/www.transfermuga.eu\/es\/desplazarse\/\" rel=\"noopener\" target=\"_blank\" title=\"Buscar el mejor trayecto en autob\u00fas o tren\">Busca tu recorrido en el calculador de itinerarios de Transfermuga<\/a> y te daremos todos los detalles.<\/div>\n<h4>L\u00ednea TER 41.2.U &#8211; Burdeos &#8211; Arcachon<\/h4>\n<p>El trayecto de la Estaci\u00f3n de tren de Burdeos hasta la estaci\u00f3n de tren de Arcachon dura alrededor de 1 hora. <br \/>\nEn su trayecto el tren para en:<\/p>\n<ul>\n<li>Burdeos Saint Jean<\/li>\n<li>Pessac <\/li>\n<li>Pessac-Alouette <\/li>\n<li>Gazinet &#8211; Cestas <\/li>\n<li>Marcheprime <\/li>\n<li>Biganos Facture <\/li>\n<li>Le Teich <\/li>\n<li>Gujan-Mestras<\/li>\n<li>La Hume <\/li>\n<li>La Teste <\/li>\n<li>Arcachon <\/li>\n<\/ul>\n<h4>L\u00ednea TER 51 &#8211; Burdeos &#8211; Hendaya<\/h4>\n<p>El trayecto en TER desde Burdeos a Hendaya dura unas 2 horas y media.<br \/>\nEste recorrido hace las siguientes paradas:<\/p>\n<ul>\n<li>Bordeaux Saint-Jean <\/li>\n<li>Pessac <\/li>\n<li>Biganos Facture<\/li>\n<li>Morcenx <\/li>\n<li>Dax <\/li>\n<li>Saint-Vincent-de-Tyrosse<\/li>\n<li>Bayona <\/li>\n<li>Biarritz <\/li>\n<li>Gu\u00e9thary <\/li>\n<li>Saint-Jean-de-Luz &#8211; Ciboure<\/li>\n<li>Les Deux Jumeaux (Hendaya)<\/li>\n<li>Hendaya<\/li>\n<\/ul>\n<h4>L\u00ednea TER 52 &#8211; Burdeos &#8211; Pau &#8211; Tarbes<\/h4>\n<p>La l\u00ednea 52 te lleva desde Burdeos a Pau en 2 horas y a Tarbes en unas 3 horas. <br \/>\nEn su recorrido hace las siguientes paradas:<\/p>\n<ul>\n<li>Bordeaux Saint-Jean<\/li>\n<li>Pessac<\/li>\n<li>Biganos-Facture<\/li>\n<li>Ychoux<\/li>\n<li>Labouheyre<\/li>\n<li>Morcenx<\/li>\n<li>Dax<\/li>\n<li>Puyo\u00f4<\/li>\n<li>Orthez<\/li>\n<li>Artix<\/li>\n<li>Pau<\/li>\n<li>Assat<\/li>\n<li>Coarraze-Nay<\/li>\n<li>Montaut-B\u00e9tharram <\/li>\n<li>Saint P\u00e9 de Bigorre<\/li>\n<li>Lourdes<\/li>\n<li>Ossun<\/li>\n<li>Tarbes<\/li>\n<\/ul>\n<h4>L\u00ednea TER 53 &#8211; Bayona &#8211; Pau &#8211; Tarbes<\/h4>\n<p>La l\u00ednea 53 de TER une Bayona con Tarbes en unas 2 horas.<br \/>\nEn su recorrido hace las siguientes paradas:<\/p>\n<ul>\n<li>Bayona<\/li>\n<li>Urt<\/li>\n<li>Peyerehorade<\/li>\n<li>Puyo\u00f4<\/li>\n<li>Orthez<\/li>\n<li>Artix<\/li>\n<li>Pau<\/li>\n<li>Assat<\/li>\n<li>Coarraze-Nay<\/li>\n<li>Montaut-B\u00e9tharram <\/li>\n<li>Saint P\u00e9 de Bigorre<\/li>\n<li>Lourdes<\/li>\n<li>Ossun<\/li>\n<li>Tarbes<\/li>\n<\/ul>\n<h4>L\u00ednea TER 54 &#8211; Bayona &#8211; Saint Jean de Pied de Port<\/h4>\n<p>La l\u00ednea 54 de TER une Bayona con Saint Jean de Pied de Port (Donibane Garazi) en una hora.<br \/>\nEn su recorrido, el tren para en:<\/p>\n<ul>\n<li>Bayona<\/li>\n<li>Villefranque<\/li>\n<li>Ustaritz<\/li>\n<li>Halsou-Larressore<\/li>\n<li>Cambo Les Bains<\/li>\n<li>Pont Noblia &#8211; Bidarray<\/li>\n<li>Osses St Martin d\u2019Arrossa <\/li>\n<li>Saint Jean de Pied de Port<\/li>\n<\/ul>\n<h4>L\u00ednea TER 55 &#8211; Pau &#8211; Bedous<\/h4>\n<p>El TER 55 lleva de Pau a Bedous en 1 hora.En Oloron Sainte Marie, Bidos y Bedous se puede coger un autob\u00fas regional para ir a Somport y Canfranc.<br \/>\nEn su trayecto hasta Bedous, el tren para en:<\/p>\n<ul>\n<li>Pau<\/li>\n<li>Croix du Prince<\/li>\n<li>Gan<\/li>\n<li>Buzy en B\u00e9arn<\/li>\n<li>Ogeu Les Bains<\/li>\n<li>Oloron Sainte Marie<\/li>\n<li>Bidos<\/li>\n<li>Lurbe Ste Christau<\/li>\n<li>Sarrance<\/li>\n<li>Bedous<\/li>\n<\/ul>\n<h2 id=\"tarifs\">Tarifas y tipos de billetes<\/h2>\n<h4>Tarifas especiales<\/h4>\n<ul>\n<li><strong>Billetes Petix Prix: <\/strong>en la compra on-line hay la posibilidad de comprar estos billetes con descuento en algunas l\u00edneas y trenes. Hay distintos precios en funcion de la distancia recorrida, pero suponen un buen ahorro respecto a un billete normal.<br \/>\n<a href=\"https:\/\/m.ter.sncf.com\/nouvelle-aquitaine\/tarifs-cartes\/billets-reduction\/billet-petit-prix\" rel=\"noopener\" target=\"_blank\">Ver aqu\u00ed m\u00e1s informaci\u00f3n sobre los Billetes Petit Prix<\/a>.<\/li>\n<li><strong>Tarifas de Grupo:<\/strong>\n<ul>\n<li><strong>Para grupos de 2 a 5 personas<\/strong>: Billetes Tribu, Cuantas m\u00e1s personas viajen, mayor es el descuento. En estas tarifas, los ni\u00f1os de hasta 11 a\u00f1os tienen todav\u00eda m\u00e1s descuento.<br \/>\n<a href=\"https:\/\/m.ter.sncf.com\/nouvelle-aquitaine\/tarifs-cartes\/billets-reduction\/tarif-tribu\" rel=\"noopener\" target=\"_blank\">Ver aqu\u00ed m\u00e1s informaci\u00f3n sobre los Billetes Tribu<\/a><\/li>\n<li><strong>Para grupos mayores de 10 personas:<\/strong> se puede conseguir hasta un 65% de descuento en el precio del billete. Los grupos de hasta 36 personas pueden reservar su billete hasta la v\u00edspera del viaje. <strong>Para grupos de 37 personas o m\u00e1s<\/strong>, la reserva deber\u00e1 realizarse entre 3 meses y 20 d\u00edas antes del viaje.<br \/>\n<a href=\"https:\/\/m.ter.sncf.com\/nouvelle-aquitaine\/tarifs-cartes\/billets-reduction\/formules-groupe\/billet-groupes\" rel=\"noopener\" target=\"_blank\">Ver m\u00e1s informaci\u00f3n de las tarifas para grupos<\/a><\/li>\n<\/ul>\n<\/li>\n<li><strong>Billete para Escapadas de Verano:<\/strong> es un billete de ida y vuelta que se puede usar en 1 o 2 d\u00edas, que resulta m\u00e1s barato que el billete normal. Este Pase Escapadas se puede emplear \u00fanicamente en julio o agosto. Es muy interesante para peque\u00f1os viajes de verano con ni\u00f1os ya que es gratuito para ni\u00f1os hasta 12 a\u00f1os (m\u00e1ximo 3 ni\u00f1os por adulto).<br \/>\n<a href=\"https:\/\/m.ter.sncf.com\/nouvelle-aquitaine\/tarifs-cartes\/billets-reduction\/Pass-Escapades\" rel=\"noopener\" target=\"_blank\">Ver aqu\u00ed m\u00e1s informaci\u00f3n del Pase Escapadas<\/a><\/li>\n<li>Tarifas especiales para grupos escolares<\/li>\n<li><strong>PassBask<\/strong>: billete especial que permite utilizar el TER desde Bayona hasta Hendaya y el tren Euskotren desde Hendaya hasta San Sebasti\u00e1n.<br \/>\n<a href=\"https:\/\/www.transfermuga.eu\/es\/lineas\/tarifas-billetes\/passbask\/\" rel=\"noopener\" target=\"_blank\">Ver aqu\u00ed m\u00e1s informaci\u00f3n sobre PassBas<\/a>k<\/li>\n<li><strong>Animales de compa\u00f1\u00eda:<\/strong> puedes viajar con tu mascota (hasta 2 animales por persona: perros, gatos, hamsters, y similares est\u00e1n permitidos). Los animales peque\u00f1os deber\u00e1n ir en su transport\u00edn; los perros un poco m\u00e1s grandes, con correa y bozal. Deber\u00e1s comprar un billete para tus animales.<br \/><a href=\"https:\/\/m.ter.sncf.com\/nouvelle-aquitaine\/tarifs-cartes\/tarifs-speciaux\/billet-animal\" rel=\"noopener\" target=\"_blank\">Ver m\u00e1s informaci\u00f3n sobre las tarifas para animales en TER<\/a><\/li>\n<\/ul>\n<h4>Descuentos<\/h4>\n<p>Existen descuentos para:<\/p>\n<ul>\n<li><strong>J\u00f3venes menores de 28 a\u00f1os<\/strong>, descuentos tanto en billetes como en abonos.<\/li>\n<li>Tarjetas anuales con descuento para <strong>mayores de 60 a\u00f1os.<\/strong> <a href=\"https:\/\/m.ter.sncf.com\/nouvelle-aquitaine\/tarifs-cartes\/cartes-reduction\/cartes-reduction-nationales\" rel=\"noopener\" target=\"_blank\">Ver m\u00e1s informaci\u00f3n de estas tarjetas<\/a><\/li>\n<li><strong>Descuentos para ni\u00f1os<\/strong> o incluso viajes gratuitos en algunos billetes concretos.<\/li>\n<li>Tarjeta solidaria con descuentos para familias con pocos ingresos. <a href=\"https:\/\/m.ter.sncf.com\/nouvelle-aquitaine\/tarifs-cartes\/cartes-reduction\/carte-solidaire\" rel=\"noopener\" target=\"_blank\">Ver m\u00e1s informaci\u00f3n de esta tarjeta<\/a><\/li>\n<\/ul>\n<h4>Abonos:<\/h4>\n<ul>\n<li><strong>Abonos semanales, mensuales y anuales:<\/strong> con derecho a viajes ilimitados.<\/li>\n<li><strong>Abono de 20 o 30 viajes al mes<\/strong>: resulta m\u00e1s econ\u00f3mico que un abono mensual, ideal si no superas este n\u00famero de viajes.<\/li>\n<li>Abonos Semanales, Mensuales y Anuales con la tarjeta <strong>modalis<\/strong>. <a href=\"https:\/\/m.ter.sncf.com\/nouvelle-aquitaine\/carte-modalis\" rel=\"noopener\" target=\"_blank\">Ver aqu\u00ed m\u00e1s informaci\u00f3n de estos abonos<\/a><\/li>\n<li><strong>Abonos escolares<\/strong>: abonos con descuento para efectuar el trayecto desde el domicilio al centro de estudio<\/li>\n<li><strong>Abono TER + Autob\u00fas urbano<\/strong>: disponible en algunas ciudades como Burdeos.<\/li>\n<\/ul>\n<p><a href=\"https:\/\/m.ter.sncf.com\/nouvelle-aquitaine\/abonnements\/tous-les-abonnements\" rel=\"noopener\" target=\"_blank\">Ver m\u00e1s informaci\u00f3n sobre los abonos para usuarios de TER<\/a><\/p>\n\n                <\/div>\n            <\/div>\n        <\/div>\n    <\/div>\n<\/section>\n\n\n<section class=\"section__access\">\n  <div class=\"container\">\n    <div class=\"row\">\n      <div class=\"col-12\">\n\t\t<div class=\"access__title\">\n\t\t\t\t\t\t\t\t\t<h2>TAMBI\u00c9N TE PUEDE INTERESAR<\/h2>\n\t\t<\/div>\n        \t\t\t<ul class=\"access__list\">\n\t\t\t\t\t\t\t\t\t\t\t\t\t\t\t\t\t\t\t\t\t\t\t\t\t\t\t<li class=\"access__list__item\">\n\t\t\t\t\t\t\t\t<a class=\"access__list__item__link\" href=\"https:\/\/www.transfermuga.eu\/es\/lineas\/tarifas-billetes\/passbask\/\" target=\"_self\" class=\"footer__main__menu__item__appblock__button button\">\n\t\t\t\t\t\t\t\t\t\t\t\t\t\t\t\t\t\t\t\t\t\t\t\t\t\t\t\t<img decoding=\"async\" class=\"access__list__item__img\" alt=\"Hendaye Gare\" src=\"https:\/\/www.transfermuga.eu\/content\/uploads\/2022\/05\/hendaye-gare-sncf-mini.jpg\" class=\"round_block__infos__img\"\/>\n\t\t\t\t\t\t\t\t\t\t\t\t\t\t\t\t\t\t<span>PASSBASK \u2013 el billete de tren transfronterizo<\/span>\n\t\t\t\t\t\t\t\t<\/a>\n\t\t\t\t\t\t\t<\/li>\n\t\t\t\t\t\t\t\t\t\t\t\t\t\t\t\t\t\t\t\t\t\t\t\t\t\t\t\t\t\t\t\t\t<li class=\"access__list__item\">\n\t\t\t\t\t\t\t\t<a class=\"access__list__item__link\" href=\"https:\/\/www.transfermuga.eu\/es\/lineas\/tren\/euskotren\/\" target=\"_self\" class=\"footer__main__menu__item__appblock__button button\">\n\t\t\t\t\t\t\t\t\t\t\t\t\t\t\t\t\t\t\t\t\t\t\t\t\t\t\t\t<img decoding=\"async\" class=\"access__list__item__img\" alt=\"Tren Euskotren\" src=\"https:\/\/www.transfermuga.eu\/content\/uploads\/2022\/05\/euskotren-parada-hendaya-1024x768.jpg\" class=\"round_block__infos__img\"\/>\n\t\t\t\t\t\t\t\t\t\t\t\t\t\t\t\t\t\t<span>Trenes EUSKOTREN<\/span>\n\t\t\t\t\t\t\t\t<\/a>\n\t\t\t\t\t\t\t<\/li>\n\t\t\t\t\t\t\t\t\t\t\t\t\t\t\t\t\t\t\t\t\t\t\t\t\t\t\t\t\t\t\t\t\t<li class=\"access__list__item\">\n\t\t\t\t\t\t\t\t<a class=\"access__list__item__link\" href=\"https:\/\/www.transfermuga.eu\/es\/lineas\/redes-de-transporte\/red-txik-txak\/\" target=\"_self\" class=\"footer__main__menu__item__appblock__button button\">\n\t\t\t\t\t\t\t\t\t\t\t\t\t\t\t\t\t\t\t\t\t\t\t\t\t\t\t\t<img decoding=\"async\" class=\"access__list__item__img\" alt=\"Txik Txak transporte en francia Logotipo\" src=\"https:\/\/www.transfermuga.eu\/content\/uploads\/2022\/04\/txik-txak-logo.png\" class=\"round_block__infos__img\"\/>\n\t\t\t\t\t\t\t\t\t\t\t\t\t\t\t\t\t\t<span>La red TXIK TXAK<\/span>\n\t\t\t\t\t\t\t\t<\/a>\n\t\t\t\t\t\t\t<\/li>\n\t\t\t\t\t\t\t\t\t\t\t\t\t<\/ul>\n              <\/div>\n    <\/div>\n  <\/div>\n<\/section>","protected":false},"excerpt":{"rendered":"","protected":false},"author":2,"featured_media":7226,"parent":4732,"menu_order":2,"comment_status":"closed","ping_status":"closed","template":"","meta":{"_acf_changed":false,"_monsterinsights_skip_tracking":false,"_monsterinsights_sitenote_active":false,"_monsterinsights_sitenote_note":"","_monsterinsights_sitenote_category":0,"footnotes":""},"categories":[57],"tags":[],"acf":[],"aioseo_notices":[],"yoast_head":"<!-- This site is optimized with the Yoast SEO plugin v22.9 - https:\/\/yoast.com\/wordpress\/plugins\/seo\/ -->\n<title>Trenes TER en Nueva Aquitania: l\u00edneas y billetes - Transfermuga<\/title>\n<meta name=\"description\" content=\"L\u00edneas de tren TER de SNCF cercanas a la frontera. Recorridos y paradas. Tarifas de los billetes de tren TER, descuentos y abonos.\" \/>\n<meta name=\"robots\" content=\"index, follow, max-snippet:-1, max-image-preview:large, max-video-preview:-1\" \/>\n<link rel=\"canonical\" href=\"https:\/\/www.transfermuga.eu\/es\/lineas\/tren\/la-red-ter-de-nueva-aquitania\/\" \/>\n<meta property=\"og:locale\" content=\"es_ES\" \/>\n<meta property=\"og:type\" content=\"article\" \/>\n<meta property=\"og:title\" content=\"Trenes TER en Nueva Aquitania: l\u00edneas y billetes - Transfermuga\" \/>\n<meta property=\"og:description\" content=\"L\u00edneas de tren TER de SNCF cercanas a la frontera. Recorridos y paradas. Tarifas de los billetes de tren TER, descuentos y abonos.\" \/>\n<meta property=\"og:url\" content=\"https:\/\/www.transfermuga.eu\/es\/lineas\/tren\/la-red-ter-de-nueva-aquitania\/\" \/>\n<meta property=\"og:site_name\" content=\"Transfermuga\" \/>\n<meta property=\"article:modified_time\" content=\"2022-08-09T08:57:21+00:00\" \/>\n<meta property=\"og:image\" content=\"https:\/\/www.transfermuga.eu\/content\/uploads\/2022\/05\/train-ter.png\" \/>\n\t<meta property=\"og:image:width\" content=\"400\" \/>\n\t<meta property=\"og:image:height\" content=\"266\" \/>\n\t<meta property=\"og:image:type\" content=\"image\/png\" \/>\n<meta name=\"twitter:card\" content=\"summary_large_image\" \/>\n<script type=\"application\/ld+json\" class=\"yoast-schema-graph\">{\"@context\":\"https:\/\/schema.org\",\"@graph\":[{\"@type\":\"WebPage\",\"@id\":\"https:\/\/www.transfermuga.eu\/es\/lineas\/tren\/la-red-ter-de-nueva-aquitania\/\",\"url\":\"https:\/\/www.transfermuga.eu\/es\/lineas\/tren\/la-red-ter-de-nueva-aquitania\/\",\"name\":\"Trenes TER en Nueva Aquitania: l\u00edneas y billetes - Transfermuga\",\"isPartOf\":{\"@id\":\"https:\/\/www.transfermuga.eu\/es\/#website\"},\"primaryImageOfPage\":{\"@id\":\"https:\/\/www.transfermuga.eu\/es\/lineas\/tren\/la-red-ter-de-nueva-aquitania\/#primaryimage\"},\"image\":{\"@id\":\"https:\/\/www.transfermuga.eu\/es\/lineas\/tren\/la-red-ter-de-nueva-aquitania\/#primaryimage\"},\"thumbnailUrl\":\"https:\/\/www.transfermuga.eu\/content\/uploads\/2022\/05\/train-ter.png\",\"datePublished\":\"2021-07-06T10:26:27+00:00\",\"dateModified\":\"2022-08-09T08:57:21+00:00\",\"description\":\"L\u00edneas de tren TER de SNCF cercanas a la frontera. Recorridos y paradas. Tarifas de los billetes de tren TER, descuentos y abonos.\",\"breadcrumb\":{\"@id\":\"https:\/\/www.transfermuga.eu\/es\/lineas\/tren\/la-red-ter-de-nueva-aquitania\/#breadcrumb\"},\"inLanguage\":\"es-ES\",\"potentialAction\":[{\"@type\":\"ReadAction\",\"target\":[\"https:\/\/www.transfermuga.eu\/es\/lineas\/tren\/la-red-ter-de-nueva-aquitania\/\"]}]},{\"@type\":\"ImageObject\",\"inLanguage\":\"es-ES\",\"@id\":\"https:\/\/www.transfermuga.eu\/es\/lineas\/tren\/la-red-ter-de-nueva-aquitania\/#primaryimage\",\"url\":\"https:\/\/www.transfermuga.eu\/content\/uploads\/2022\/05\/train-ter.png\",\"contentUrl\":\"https:\/\/www.transfermuga.eu\/content\/uploads\/2022\/05\/train-ter.png\",\"width\":400,\"height\":266,\"caption\":\"Train TER SNCF\"},{\"@type\":\"BreadcrumbList\",\"@id\":\"https:\/\/www.transfermuga.eu\/es\/lineas\/tren\/la-red-ter-de-nueva-aquitania\/#breadcrumb\",\"itemListElement\":[{\"@type\":\"ListItem\",\"position\":1,\"name\":\"L\u00edneas &#038; Billetes\",\"item\":\"https:\/\/www.transfermuga.eu\/es\/lineas\/\"},{\"@type\":\"ListItem\",\"position\":2,\"name\":\"Tren y Topo\",\"item\":\"https:\/\/www.transfermuga.eu\/es\/lineas\/tren\/\"},{\"@type\":\"ListItem\",\"position\":3,\"name\":\"La red TER de Nueva-Aquitania\"}]},{\"@type\":\"WebSite\",\"@id\":\"https:\/\/www.transfermuga.eu\/es\/#website\",\"url\":\"https:\/\/www.transfermuga.eu\/es\/\",\"name\":\"Transfermuga\",\"description\":\"L&#039;info de la mobilit\u00e9 transfrontali\u00e8re\",\"publisher\":{\"@id\":\"https:\/\/www.transfermuga.eu\/es\/#organization\"},\"potentialAction\":[{\"@type\":\"SearchAction\",\"target\":{\"@type\":\"EntryPoint\",\"urlTemplate\":\"https:\/\/www.transfermuga.eu\/es\/?s={search_term_string}\"},\"query-input\":\"required name=search_term_string\"}],\"inLanguage\":\"es-ES\"},{\"@type\":\"Organization\",\"@id\":\"https:\/\/www.transfermuga.eu\/es\/#organization\",\"name\":\"Transfermuga\",\"url\":\"https:\/\/www.transfermuga.eu\/es\/\",\"logo\":{\"@type\":\"ImageObject\",\"inLanguage\":\"es-ES\",\"@id\":\"https:\/\/www.transfermuga.eu\/es\/#\/schema\/logo\/image\/\",\"url\":\"https:\/\/www.transfermuga.eu\/content\/uploads\/2021\/06\/cropped-Interreg-POCTEFA-TRANSFERMUGA-RREKIN-RGB.png\",\"contentUrl\":\"https:\/\/www.transfermuga.eu\/content\/uploads\/2021\/06\/cropped-Interreg-POCTEFA-TRANSFERMUGA-RREKIN-RGB.png\",\"width\":1843,\"height\":827,\"caption\":\"Transfermuga\"},\"image\":{\"@id\":\"https:\/\/www.transfermuga.eu\/es\/#\/schema\/logo\/image\/\"}}]}<\/script>\n<!-- \/ Yoast SEO plugin. -->","yoast_head_json":{"title":"Trenes TER en Nueva Aquitania: l\u00edneas y billetes - Transfermuga","description":"L\u00edneas de tren TER de SNCF cercanas a la frontera. Recorridos y paradas. Tarifas de los billetes de tren TER, descuentos y abonos.","robots":{"index":"index","follow":"follow","max-snippet":"max-snippet:-1","max-image-preview":"max-image-preview:large","max-video-preview":"max-video-preview:-1"},"canonical":"https:\/\/www.transfermuga.eu\/es\/lineas\/tren\/la-red-ter-de-nueva-aquitania\/","og_locale":"es_ES","og_type":"article","og_title":"Trenes TER en Nueva Aquitania: l\u00edneas y billetes - Transfermuga","og_description":"L\u00edneas de tren TER de SNCF cercanas a la frontera. Recorridos y paradas. Tarifas de los billetes de tren TER, descuentos y abonos.","og_url":"https:\/\/www.transfermuga.eu\/es\/lineas\/tren\/la-red-ter-de-nueva-aquitania\/","og_site_name":"Transfermuga","article_modified_time":"2022-08-09T08:57:21+00:00","og_image":[{"width":400,"height":266,"url":"https:\/\/www.transfermuga.eu\/content\/uploads\/2022\/05\/train-ter.png","type":"image\/png"}],"twitter_card":"summary_large_image","schema":{"@context":"https:\/\/schema.org","@graph":[{"@type":"WebPage","@id":"https:\/\/www.transfermuga.eu\/es\/lineas\/tren\/la-red-ter-de-nueva-aquitania\/","url":"https:\/\/www.transfermuga.eu\/es\/lineas\/tren\/la-red-ter-de-nueva-aquitania\/","name":"Trenes TER en Nueva Aquitania: l\u00edneas y billetes - Transfermuga","isPartOf":{"@id":"https:\/\/www.transfermuga.eu\/es\/#website"},"primaryImageOfPage":{"@id":"https:\/\/www.transfermuga.eu\/es\/lineas\/tren\/la-red-ter-de-nueva-aquitania\/#primaryimage"},"image":{"@id":"https:\/\/www.transfermuga.eu\/es\/lineas\/tren\/la-red-ter-de-nueva-aquitania\/#primaryimage"},"thumbnailUrl":"https:\/\/www.transfermuga.eu\/content\/uploads\/2022\/05\/train-ter.png","datePublished":"2021-07-06T10:26:27+00:00","dateModified":"2022-08-09T08:57:21+00:00","description":"L\u00edneas de tren TER de SNCF cercanas a la frontera. Recorridos y paradas. Tarifas de los billetes de tren TER, descuentos y abonos.","breadcrumb":{"@id":"https:\/\/www.transfermuga.eu\/es\/lineas\/tren\/la-red-ter-de-nueva-aquitania\/#breadcrumb"},"inLanguage":"es-ES","potentialAction":[{"@type":"ReadAction","target":["https:\/\/www.transfermuga.eu\/es\/lineas\/tren\/la-red-ter-de-nueva-aquitania\/"]}]},{"@type":"ImageObject","inLanguage":"es-ES","@id":"https:\/\/www.transfermuga.eu\/es\/lineas\/tren\/la-red-ter-de-nueva-aquitania\/#primaryimage","url":"https:\/\/www.transfermuga.eu\/content\/uploads\/2022\/05\/train-ter.png","contentUrl":"https:\/\/www.transfermuga.eu\/content\/uploads\/2022\/05\/train-ter.png","width":400,"height":266,"caption":"Train TER SNCF"},{"@type":"BreadcrumbList","@id":"https:\/\/www.transfermuga.eu\/es\/lineas\/tren\/la-red-ter-de-nueva-aquitania\/#breadcrumb","itemListElement":[{"@type":"ListItem","position":1,"name":"L\u00edneas &#038; Billetes","item":"https:\/\/www.transfermuga.eu\/es\/lineas\/"},{"@type":"ListItem","position":2,"name":"Tren y Topo","item":"https:\/\/www.transfermuga.eu\/es\/lineas\/tren\/"},{"@type":"ListItem","position":3,"name":"La red TER de Nueva-Aquitania"}]},{"@type":"WebSite","@id":"https:\/\/www.transfermuga.eu\/es\/#website","url":"https:\/\/www.transfermuga.eu\/es\/","name":"Transfermuga","description":"L&#039;info de la mobilit\u00e9 transfrontali\u00e8re","publisher":{"@id":"https:\/\/www.transfermuga.eu\/es\/#organization"},"potentialAction":[{"@type":"SearchAction","target":{"@type":"EntryPoint","urlTemplate":"https:\/\/www.transfermuga.eu\/es\/?s={search_term_string}"},"query-input":"required name=search_term_string"}],"inLanguage":"es-ES"},{"@type":"Organization","@id":"https:\/\/www.transfermuga.eu\/es\/#organization","name":"Transfermuga","url":"https:\/\/www.transfermuga.eu\/es\/","logo":{"@type":"ImageObject","inLanguage":"es-ES","@id":"https:\/\/www.transfermuga.eu\/es\/#\/schema\/logo\/image\/","url":"https:\/\/www.transfermuga.eu\/content\/uploads\/2021\/06\/cropped-Interreg-POCTEFA-TRANSFERMUGA-RREKIN-RGB.png","contentUrl":"https:\/\/www.transfermuga.eu\/content\/uploads\/2021\/06\/cropped-Interreg-POCTEFA-TRANSFERMUGA-RREKIN-RGB.png","width":1843,"height":827,"caption":"Transfermuga"},"image":{"@id":"https:\/\/www.transfermuga.eu\/es\/#\/schema\/logo\/image\/"}}]}},"_links":{"self":[{"href":"https:\/\/www.transfermuga.eu\/es\/wp-json\/wp\/v2\/pages\/2292"}],"collection":[{"href":"https:\/\/www.transfermuga.eu\/es\/wp-json\/wp\/v2\/pages"}],"about":[{"href":"https:\/\/www.transfermuga.eu\/es\/wp-json\/wp\/v2\/types\/page"}],"author":[{"embeddable":true,"href":"https:\/\/www.transfermuga.eu\/es\/wp-json\/wp\/v2\/users\/2"}],"replies":[{"embeddable":true,"href":"https:\/\/www.transfermuga.eu\/es\/wp-json\/wp\/v2\/comments?post=2292"}],"version-history":[{"count":23,"href":"https:\/\/www.transfermuga.eu\/es\/wp-json\/wp\/v2\/pages\/2292\/revisions"}],"predecessor-version":[{"id":8452,"href":"https:\/\/www.transfermuga.eu\/es\/wp-json\/wp\/v2\/pages\/2292\/revisions\/8452"}],"up":[{"embeddable":true,"href":"https:\/\/www.transfermuga.eu\/es\/wp-json\/wp\/v2\/pages\/4732"}],"wp:featuredmedia":[{"embeddable":true,"href":"https:\/\/www.transfermuga.eu\/es\/wp-json\/wp\/v2\/media\/7226"}],"wp:attachment":[{"href":"https:\/\/www.transfermuga.eu\/es\/wp-json\/wp\/v2\/media?parent=2292"}],"wp:term":[{"taxonomy":"category","embeddable":true,"href":"https:\/\/www.transfermuga.eu\/es\/wp-json\/wp\/v2\/categories?post=2292"},{"taxonomy":"post_tag","embeddable":true,"href":"https:\/\/www.transfermuga.eu\/es\/wp-json\/wp\/v2\/tags?post=2292"}],"curies":[{"name":"wp","href":"https:\/\/api.w.org\/{rel}","templated":true}]}}