{"id":2067,"date":"2021-07-05T18:28:00","date_gmt":"2021-07-05T16:28:25","guid":{"rendered":"https:\/\/www.transfermuga.eu\/?page_id=2067"},"modified":"2023-03-28T16:42:22","modified_gmt":"2023-03-28T14:42:22","slug":"estudios","status":"publish","type":"page","link":"https:\/\/www.transfermuga.eu\/es\/estudios\/","title":{"rendered":"Estudios"},"content":{"rendered":"<section class=\"hero\">\n    <div class=\"container hero__container\">\n        <div class=\"row\">\n            <div class=\" col-12 col-md-10 offset-md-1 hero__text\">\n                                    <p class=\"d-none d-md-inline-block\" id=\"breadcrumbs\"><\/p>                                \n                <h1 class=\"hero__title\">Estudios<\/h1>\n                <p class=\"hero__description\">\n                    Todos los estudios sobre la movilidad transfronteriza entre Nueva-Aquitania, Euskadi y Navarra. \n                <\/p>\n            <\/div>\n        <\/div>\n<\/section>\n\n<section class=\"section-content section-content-promote\">\n    <div class=\"container\">\n        <div class=\"row\">\n            <div class=\"col-12 promote-container\">\n\t\t\t\t<div class=\"promote__title\">\n\t\t\t\t\t                                          <img decoding=\"async\" class=\"promote__title__img\" alt=\"\" src=\"https:\/\/www.transfermuga.eu\/content\/uploads\/2021\/05\/pin.png\"\/>\n                    \t\t\t\t\t<h2>NUEVO ESTUDIO<\/h2>\n\t\t\t\t<\/div>\n                <div class=\"article-content\">\n                    \t\t\t\t\t\t\t\t\t\t\t\t\t\t\t\t\t\t<a class=\"promote__article\" href=\"https:\/\/www.transfermuga.eu\/es\/estudios\/estudio-sobre-el-sistema-de-billetes-transfronterizo\/\" target=\"_self\">\n\t\t\t\t\t\t  \t\t\t\t\t\t\t\t\t<div class=\"promote__article__img\">\n\t\t\t\t\t\t\t\t\t<img loading=\"lazy\" decoding=\"async\" width=\"1045\" height=\"709\" src=\"https:\/\/www.transfermuga.eu\/content\/uploads\/2023\/03\/Billettique-Euroregion.jpg\" class=\"attachment-post-thumbnail size-post-thumbnail wp-post-image\" alt=\"\" srcset=\"https:\/\/www.transfermuga.eu\/content\/uploads\/2023\/03\/Billettique-Euroregion.jpg 1045w, https:\/\/www.transfermuga.eu\/content\/uploads\/2023\/03\/Billettique-Euroregion-300x204.jpg 300w, https:\/\/www.transfermuga.eu\/content\/uploads\/2023\/03\/Billettique-Euroregion-1024x695.jpg 1024w, https:\/\/www.transfermuga.eu\/content\/uploads\/2023\/03\/Billettique-Euroregion-768x521.jpg 768w\" sizes=\"(max-width: 1045px) 100vw, 1045px\" \/>\n\t\t\t\t\t\t\t\t<\/div>\n\t\t\t\t\t\t  \t\t\t\t\t\t\t\t<div class=\"promote__article__content\">\n\t\t\t\t\t\t\t\t\t\t\t\t\t\t\t\t<h3>Estudio sobre el sistema de billetes transfronterizo<\/h3>\n\t\t\t\t\t\t\t\t<p>El estudio sobre el sistema de billetes tiene por objeto inventariar el conjunto de plataformas digitales que contienen informacion sobre la oferta de transporte publico del territorio, asi como identificar el posicionamiento de cada uno de estos dispositivos, para poder enumerar las posibilidades que existen para una hipot\u00e9tica emision de titulos de transporte a trav\u00e9s del portal Transfermuga. <\/p>\n\t\t\t\t\t\t\t<\/div>\n\t\t\t\t\t\t<\/a>\n\t\t\t\t\t\t\t\t\t\t\t\n\n                <\/div>\n            <\/div>\n        <\/div>\n    <\/div>\n<\/section>\n\n\n<section class=\"filter-nav\">\n  <div class=\"container\">\n    <div class=\"row\">\n      <div class=\"filter-nav__container col-12 col-md-10 offset-md-1\">\n        <div class=\"d-flex d-lg-none dropdown\">\n          <a class=\"dropdown__button\">\n            <span><b>Cat\u00e9gories<\/b><\/span>\n          <\/a>\n          <div class=\"dropdown__content\">\n            <ul class=\"dropdown__content__list\">\n              <li class=\"dropdown__content__list__item\">\n                <a href=\"https:\/\/www.transfermuga.eu\/es\/estudios\/\"><b>Tous<\/b><\/a>\n              <\/li>\n                        <\/ul>\n          <\/div>\n        <\/div>\n        \n                \n        \n        \n      <\/div>\n    <\/div>\n  <\/div>\n<\/section>\n\n<section class=\"articlelist\">\n    <div class=\"container\">\n        <div class=\"row\">\n            <div class=\"col-12 col-md-10 offset-md-1 articlelist__content\">\n                <div class=\"row\">\n                                                                                              <div class=\"col-12 col-md-4 view\" id=\"post-8857\">\n    <a class=\"view__item\" href=\"https:\/\/www.transfermuga.eu\/es\/estudios\/estudio-sobre-el-sistema-de-billetes-transfronterizo\/\" rel=\"bookmark\">\n                    <div class=\"view__item__img\">\n                <a class=\"post-thumbnail\" href=\"https:\/\/www.transfermuga.eu\/es\/estudios\/estudio-sobre-el-sistema-de-billetes-transfronterizo\/\" aria-hidden=\"true\" tabindex=\"-1\"><img loading=\"lazy\" decoding=\"async\" width=\"330\" height=\"180\" src=\"https:\/\/www.transfermuga.eu\/content\/uploads\/2023\/03\/Billettique-Euroregion-330x180.jpg\" class=\"attachment-article-thumbnail size-article-thumbnail wp-post-image\" alt=\"Estudio sobre el sistema de billetes transfronterizo\" \/><\/a>\n            <\/div>\n                <div class=\"view__item__content\">\n            <div class=\"view__item__content__tag\">\n                                    <span><\/span>\n                \n                            <\/div>\n            \n            <h4 class=\"view__item__content__title\">Estudio sobre el sistema de billetes transfronterizo<\/h4>\n            <p><p>El estudio sobre el sistema de billetes tiene por objeto inventariar el conjunto de plataformas digitales que contienen informacion sobre la oferta de transporte publico del territorio, asi como identificar el posicionamiento de cada uno de estos dispositivos, para poder enumerar las posibilidades que existen para una hipot\u00e9tica emision de titulos de transporte a trav\u00e9s del portal Transfermuga. <\/p>\n<\/p>\n        <\/div>\n    <\/a>\n<\/div>\n                                \n                                                                          <div class=\"col-12 col-md-4 view\" id=\"post-6485\">\n    <a class=\"view__item\" href=\"https:\/\/www.transfermuga.eu\/es\/estudios\/estudios-sobre-la-oferta-integrada-multimodal\/\" rel=\"bookmark\">\n                    <div class=\"view__item__img\">\n                <a class=\"post-thumbnail\" href=\"https:\/\/www.transfermuga.eu\/es\/estudios\/estudios-sobre-la-oferta-integrada-multimodal\/\" aria-hidden=\"true\" tabindex=\"-1\"><img loading=\"lazy\" decoding=\"async\" width=\"330\" height=\"180\" src=\"https:\/\/www.transfermuga.eu\/content\/uploads\/2022\/05\/Rapport-UNE_esp-330x180.jpg\" class=\"attachment-article-thumbnail size-article-thumbnail wp-post-image\" alt=\"Estudios sobre la oferta integrada multimodal\" \/><\/a>\n            <\/div>\n                <div class=\"view__item__content\">\n            <div class=\"view__item__content__tag\">\n                                    <span><\/span>\n                \n                            <\/div>\n            \n            <h4 class=\"view__item__content__title\">Estudios sobre la oferta integrada multimodal<\/h4>\n            <p><p>Estos estudios persiguen dos objetivos. El primero es un analisis que profundiza en la oferta multimodal transfronteriza para extraer un escenario plausible de oferta ferroviaria. El segundo conlleva la organizacion y la gobernanza de la linea Donostia-Bayona sobre la infraestructura ferroviaria existente. <\/p>\n<\/p>\n        <\/div>\n    <\/a>\n<\/div>\n                                \n                                                                          <div class=\"col-12 col-md-4 view\" id=\"post-2087\">\n    <a class=\"view__item\" href=\"https:\/\/www.transfermuga.eu\/es\/estudios\/realidad-juridica-para-la-puesta-en-marcha-de-servicios-transfronterizos\/\" rel=\"bookmark\">\n                    <div class=\"view__item__img\">\n                <a class=\"post-thumbnail\" href=\"https:\/\/www.transfermuga.eu\/es\/estudios\/realidad-juridica-para-la-puesta-en-marcha-de-servicios-transfronterizos\/\" aria-hidden=\"true\" tabindex=\"-1\"><img loading=\"lazy\" decoding=\"async\" width=\"330\" height=\"180\" src=\"https:\/\/www.transfermuga.eu\/content\/uploads\/2021\/05\/covid-19-quels-sont-les-risques-de-transmission-dans-un-train-1-1-330x180.png\" class=\"attachment-article-thumbnail size-article-thumbnail wp-post-image\" alt=\"Realidad jur\u00eddica para la puesta en marcha de servicios transfronterizos\" \/><\/a>\n            <\/div>\n                <div class=\"view__item__content\">\n            <div class=\"view__item__content__tag\">\n                                    <span><\/span>\n                \n                            <\/div>\n            \n            <h4 class=\"view__item__content__title\">Realidad jur\u00eddica para la puesta en marcha de servicios transfronterizos<\/h4>\n            <p><p>El estudio dio como resultado la elaboraci\u00f3n de trece informes, tras un profundo an\u00e1lisis y revisi\u00f3n de todos los aspectos implicados en la toma de decisiones para la prestaci\u00f3n de servicios transfronterizos.<\/p>\n<\/p>\n        <\/div>\n    <\/a>\n<\/div>\n                                \n                                                                          <div class=\"col-12 col-md-4 view\" id=\"post-2081\">\n    <a class=\"view__item\" href=\"https:\/\/www.transfermuga.eu\/es\/estudios\/oportunidades-para-una-linea-express-bayona-biarritz-donostia\/\" rel=\"bookmark\">\n                    <div class=\"view__item__img\">\n                <a class=\"post-thumbnail\" href=\"https:\/\/www.transfermuga.eu\/es\/estudios\/oportunidades-para-una-linea-express-bayona-biarritz-donostia\/\" aria-hidden=\"true\" tabindex=\"-1\"><img loading=\"lazy\" decoding=\"async\" width=\"330\" height=\"180\" src=\"https:\/\/www.transfermuga.eu\/content\/uploads\/2021\/06\/fdb_euroregion_197_s-330x180.jpg\" class=\"attachment-article-thumbnail size-article-thumbnail wp-post-image\" alt=\"Oportunidades para una l\u00ednea express Bayona Biarritz Donostia\" \/><\/a>\n            <\/div>\n                <div class=\"view__item__content\">\n            <div class=\"view__item__content__tag\">\n                                    <span><\/span>\n                \n                            <\/div>\n            \n            <h4 class=\"view__item__content__title\">Oportunidades para una l\u00ednea express Bayona Biarritz Donostia<\/h4>\n            <p><p>El objetivo era recoger y analizar las pr\u00e1cticas de movilidad a escala del corredor de la Eurociudad Vasca<\/p>\n<\/p>\n        <\/div>\n    <\/a>\n<\/div>\n                                \n                                                                          <div class=\"col-12 col-md-4 view\" id=\"post-2075\">\n    <a class=\"view__item\" href=\"https:\/\/www.transfermuga.eu\/es\/estudios\/realidad-sobre-la-movilidad-transfronteriza-2013\/\" rel=\"bookmark\">\n                    <div class=\"view__item__img\">\n                <a class=\"post-thumbnail\" href=\"https:\/\/www.transfermuga.eu\/es\/estudios\/realidad-sobre-la-movilidad-transfronteriza-2013\/\" aria-hidden=\"true\" tabindex=\"-1\"><img loading=\"lazy\" decoding=\"async\" width=\"330\" height=\"180\" src=\"https:\/\/www.transfermuga.eu\/content\/uploads\/2021\/06\/joshua-adams-Rwv2WSg49e8-unsplash-330x180.jpg\" class=\"attachment-article-thumbnail size-article-thumbnail wp-post-image\" alt=\"Realidad sobre la movilidad transfronteriza (2013)\" \/><\/a>\n            <\/div>\n                <div class=\"view__item__content\">\n            <div class=\"view__item__content__tag\">\n                                    <span><\/span>\n                \n                            <\/div>\n            \n            <h4 class=\"view__item__content__title\">Realidad sobre la movilidad transfronteriza (2013)<\/h4>\n            <p><p>La AECT Aquitaine Euskadi se ha fijado como objetivo en 2012-2013 recoger y analizar las pr\u00e1cticas de movilidad transfronteriza a escala del corredor de la Eurociudad Vasca. Todos estos estudios se centran en cuatro elementos esenciales: movilidad, ferrocarril, proximidad y transfronterizo.<\/p>\n<\/p>\n        <\/div>\n    <\/a>\n<\/div>\n                                \n                                            <div class=\"articlelist__content__pagination\">\n                                                        \n                                                <\/div>\n                                                        <\/div>\n            <\/div>\n        <\/div>\n    <\/div>\n<\/section>\n","protected":false},"excerpt":{"rendered":"","protected":false},"author":2,"featured_media":0,"parent":0,"menu_order":6,"comment_status":"closed","ping_status":"closed","template":"","meta":{"_acf_changed":false,"_monsterinsights_skip_tracking":false,"_monsterinsights_sitenote_active":false,"_monsterinsights_sitenote_note":"","_monsterinsights_sitenote_category":0,"footnotes":""},"categories":[],"tags":[],"acf":[],"aioseo_notices":[],"yoast_head":"<!-- This site is optimized with the Yoast SEO plugin v22.9 - https:\/\/yoast.com\/wordpress\/plugins\/seo\/ -->\n<title>Estudios de movilidad transfronteriza - Transfermuga<\/title>\n<meta name=\"description\" content=\"Conoce con Transfermuga los estudios que se est\u00e1n haciendo sobre la movilidad y transporte p\u00fablico en Nueva-Aquitania, Euskadi y Navarra.\" \/>\n<meta name=\"robots\" content=\"index, follow, max-snippet:-1, max-image-preview:large, max-video-preview:-1\" \/>\n<link rel=\"canonical\" href=\"https:\/\/www.transfermuga.eu\/es\/estudios\/\" \/>\n<meta property=\"og:locale\" content=\"es_ES\" \/>\n<meta property=\"og:type\" content=\"article\" \/>\n<meta property=\"og:title\" content=\"Estudios de movilidad transfronteriza - Transfermuga\" \/>\n<meta property=\"og:description\" content=\"Conoce con Transfermuga los estudios que se est\u00e1n haciendo sobre la movilidad y transporte p\u00fablico en Nueva-Aquitania, Euskadi y Navarra.\" \/>\n<meta property=\"og:url\" content=\"https:\/\/www.transfermuga.eu\/es\/estudios\/\" \/>\n<meta property=\"og:site_name\" content=\"Transfermuga\" \/>\n<meta property=\"article:modified_time\" content=\"2023-03-28T14:42:22+00:00\" \/>\n<meta name=\"twitter:card\" content=\"summary_large_image\" \/>\n<script type=\"application\/ld+json\" class=\"yoast-schema-graph\">{\"@context\":\"https:\/\/schema.org\",\"@graph\":[{\"@type\":\"WebPage\",\"@id\":\"https:\/\/www.transfermuga.eu\/es\/estudios\/\",\"url\":\"https:\/\/www.transfermuga.eu\/es\/estudios\/\",\"name\":\"Estudios de movilidad transfronteriza - Transfermuga\",\"isPartOf\":{\"@id\":\"https:\/\/www.transfermuga.eu\/es\/#website\"},\"datePublished\":\"2021-07-05T16:28:25+00:00\",\"dateModified\":\"2023-03-28T14:42:22+00:00\",\"description\":\"Conoce con Transfermuga los estudios que se est\u00e1n haciendo sobre la movilidad y transporte p\u00fablico en Nueva-Aquitania, Euskadi y Navarra.\",\"inLanguage\":\"es-ES\",\"potentialAction\":[{\"@type\":\"ReadAction\",\"target\":[\"https:\/\/www.transfermuga.eu\/es\/estudios\/\"]}]},{\"@type\":\"WebSite\",\"@id\":\"https:\/\/www.transfermuga.eu\/es\/#website\",\"url\":\"https:\/\/www.transfermuga.eu\/es\/\",\"name\":\"Transfermuga\",\"description\":\"L&#039;info de la mobilit\u00e9 transfrontali\u00e8re\",\"publisher\":{\"@id\":\"https:\/\/www.transfermuga.eu\/es\/#organization\"},\"potentialAction\":[{\"@type\":\"SearchAction\",\"target\":{\"@type\":\"EntryPoint\",\"urlTemplate\":\"https:\/\/www.transfermuga.eu\/es\/?s={search_term_string}\"},\"query-input\":\"required name=search_term_string\"}],\"inLanguage\":\"es-ES\"},{\"@type\":\"Organization\",\"@id\":\"https:\/\/www.transfermuga.eu\/es\/#organization\",\"name\":\"Transfermuga\",\"url\":\"https:\/\/www.transfermuga.eu\/es\/\",\"logo\":{\"@type\":\"ImageObject\",\"inLanguage\":\"es-ES\",\"@id\":\"https:\/\/www.transfermuga.eu\/es\/#\/schema\/logo\/image\/\",\"url\":\"https:\/\/www.transfermuga.eu\/content\/uploads\/2021\/06\/cropped-Interreg-POCTEFA-TRANSFERMUGA-RREKIN-RGB.png\",\"contentUrl\":\"https:\/\/www.transfermuga.eu\/content\/uploads\/2021\/06\/cropped-Interreg-POCTEFA-TRANSFERMUGA-RREKIN-RGB.png\",\"width\":1843,\"height\":827,\"caption\":\"Transfermuga\"},\"image\":{\"@id\":\"https:\/\/www.transfermuga.eu\/es\/#\/schema\/logo\/image\/\"}}]}<\/script>\n<!-- \/ Yoast SEO plugin. -->","yoast_head_json":{"title":"Estudios de movilidad transfronteriza - Transfermuga","description":"Conoce con Transfermuga los estudios que se est\u00e1n haciendo sobre la movilidad y transporte p\u00fablico en Nueva-Aquitania, Euskadi y Navarra.","robots":{"index":"index","follow":"follow","max-snippet":"max-snippet:-1","max-image-preview":"max-image-preview:large","max-video-preview":"max-video-preview:-1"},"canonical":"https:\/\/www.transfermuga.eu\/es\/estudios\/","og_locale":"es_ES","og_type":"article","og_title":"Estudios de movilidad transfronteriza - Transfermuga","og_description":"Conoce con Transfermuga los estudios que se est\u00e1n haciendo sobre la movilidad y transporte p\u00fablico en Nueva-Aquitania, Euskadi y Navarra.","og_url":"https:\/\/www.transfermuga.eu\/es\/estudios\/","og_site_name":"Transfermuga","article_modified_time":"2023-03-28T14:42:22+00:00","twitter_card":"summary_large_image","schema":{"@context":"https:\/\/schema.org","@graph":[{"@type":"WebPage","@id":"https:\/\/www.transfermuga.eu\/es\/estudios\/","url":"https:\/\/www.transfermuga.eu\/es\/estudios\/","name":"Estudios de movilidad transfronteriza - Transfermuga","isPartOf":{"@id":"https:\/\/www.transfermuga.eu\/es\/#website"},"datePublished":"2021-07-05T16:28:25+00:00","dateModified":"2023-03-28T14:42:22+00:00","description":"Conoce con Transfermuga los estudios que se est\u00e1n haciendo sobre la movilidad y transporte p\u00fablico en Nueva-Aquitania, Euskadi y Navarra.","inLanguage":"es-ES","potentialAction":[{"@type":"ReadAction","target":["https:\/\/www.transfermuga.eu\/es\/estudios\/"]}]},{"@type":"WebSite","@id":"https:\/\/www.transfermuga.eu\/es\/#website","url":"https:\/\/www.transfermuga.eu\/es\/","name":"Transfermuga","description":"L&#039;info de la mobilit\u00e9 transfrontali\u00e8re","publisher":{"@id":"https:\/\/www.transfermuga.eu\/es\/#organization"},"potentialAction":[{"@type":"SearchAction","target":{"@type":"EntryPoint","urlTemplate":"https:\/\/www.transfermuga.eu\/es\/?s={search_term_string}"},"query-input":"required name=search_term_string"}],"inLanguage":"es-ES"},{"@type":"Organization","@id":"https:\/\/www.transfermuga.eu\/es\/#organization","name":"Transfermuga","url":"https:\/\/www.transfermuga.eu\/es\/","logo":{"@type":"ImageObject","inLanguage":"es-ES","@id":"https:\/\/www.transfermuga.eu\/es\/#\/schema\/logo\/image\/","url":"https:\/\/www.transfermuga.eu\/content\/uploads\/2021\/06\/cropped-Interreg-POCTEFA-TRANSFERMUGA-RREKIN-RGB.png","contentUrl":"https:\/\/www.transfermuga.eu\/content\/uploads\/2021\/06\/cropped-Interreg-POCTEFA-TRANSFERMUGA-RREKIN-RGB.png","width":1843,"height":827,"caption":"Transfermuga"},"image":{"@id":"https:\/\/www.transfermuga.eu\/es\/#\/schema\/logo\/image\/"}}]}},"_links":{"self":[{"href":"https:\/\/www.transfermuga.eu\/es\/wp-json\/wp\/v2\/pages\/2067"}],"collection":[{"href":"https:\/\/www.transfermuga.eu\/es\/wp-json\/wp\/v2\/pages"}],"about":[{"href":"https:\/\/www.transfermuga.eu\/es\/wp-json\/wp\/v2\/types\/page"}],"author":[{"embeddable":true,"href":"https:\/\/www.transfermuga.eu\/es\/wp-json\/wp\/v2\/users\/2"}],"replies":[{"embeddable":true,"href":"https:\/\/www.transfermuga.eu\/es\/wp-json\/wp\/v2\/comments?post=2067"}],"version-history":[{"count":11,"href":"https:\/\/www.transfermuga.eu\/es\/wp-json\/wp\/v2\/pages\/2067\/revisions"}],"predecessor-version":[{"id":8973,"href":"https:\/\/www.transfermuga.eu\/es\/wp-json\/wp\/v2\/pages\/2067\/revisions\/8973"}],"wp:attachment":[{"href":"https:\/\/www.transfermuga.eu\/es\/wp-json\/wp\/v2\/media?parent=2067"}],"wp:term":[{"taxonomy":"category","embeddable":true,"href":"https:\/\/www.transfermuga.eu\/es\/wp-json\/wp\/v2\/categories?post=2067"},{"taxonomy":"post_tag","embeddable":true,"href":"https:\/\/www.transfermuga.eu\/es\/wp-json\/wp\/v2\/tags?post=2067"}],"curies":[{"name":"wp","href":"https:\/\/api.w.org\/{rel}","templated":true}]}}