{"id":2031,"date":"2021-07-05T18:14:38","date_gmt":"2021-07-05T16:14:38","guid":{"rendered":"https:\/\/www.transfermuga.eu\/?page_id=2031"},"modified":"2022-08-08T13:02:52","modified_gmt":"2022-08-08T11:02:52","slug":"smartmob","status":"publish","type":"page","link":"https:\/\/www.transfermuga.eu\/es\/proyectos\/smartmob\/","title":{"rendered":"SMARTMOB"},"content":{"rendered":"<section class=\"hero\">\n    <div class=\"container hero__container\">\n        <div class=\"row\">\n            <div class=\" col-12 col-md-10 offset-md-1 hero__text\">\n                                    <p class=\"d-none d-md-inline-block\" id=\"breadcrumbs\"><\/p>                                \n                <h1 class=\"hero__title\">SMARTMOB: Movilidad sostenible en la Bah\u00eda de Txingudi<\/h1>\n                <p class=\"hero__description\">\n                    \n                <\/p>\n            <\/div>\n        <\/div>\n<\/section>\n\n<section class=\"section-content\">\n    <div class=\"container\">\n        <div class=\"row\">\n            <div class=\"col-12 col-lg-6 offset-lg-3\">\n                <div class=\"article-content\">\n                    <p><strong><a href=\"https:\/\/smartmob.irunhondarribiahendaye.com\/\" rel=\"noopener\" target=\"_blank\">SMARTMOB <\/a><\/strong> es un proyecto que responde al reto de la <strong>movilidad sostenible <\/strong>transfronteriza en el territorio del Bidasoa y la Bah\u00eda de Txingudi (Ir\u00fan, Hondarribia, Hendaya), como n\u00facleo central de los <strong>desplazamientos de proximidad<\/strong> entre un lado y otro de la frontera.<br \/>\n<\/span><\/p>\n<p><img loading=\"lazy\" decoding=\"async\" width=\"1871\" height=\"511\" class=\"aligncenter wp-image-1309\" src=\"https:\/\/www.transfermuga.eu\/content\/uploads\/2021\/06\/SMARTMOB-bandeau-web.png\" alt=\"Smartmob Movilidad Sostenible en Bidasoa y Bah\u00eda de Txingudi\" srcset=\"https:\/\/www.transfermuga.eu\/content\/uploads\/2021\/06\/SMARTMOB-bandeau-web.png 1871w, https:\/\/www.transfermuga.eu\/content\/uploads\/2021\/06\/SMARTMOB-bandeau-web-300x82.png 300w, https:\/\/www.transfermuga.eu\/content\/uploads\/2021\/06\/SMARTMOB-bandeau-web-1024x280.png 1024w, https:\/\/www.transfermuga.eu\/content\/uploads\/2021\/06\/SMARTMOB-bandeau-web-768x210.png 768w, https:\/\/www.transfermuga.eu\/content\/uploads\/2021\/06\/SMARTMOB-bandeau-web-1536x420.png 1536w\" sizes=\"(max-width: 1871px) 100vw, 1871px\" \/><\/p>\n<p>El territorio fronterizo de Bidasoa-Txingudi obtiene:<\/p>\n<ul>\n<li>Una movilidad cotidiana en la que el 90% de los desplazamientos se efect\u00faan en coche<\/li>\n<li>11.000 veh\u00edculos ligeros al d\u00eda atraviesan el puente de Behobia, el doble que en el puente de Santiago.<\/li>\n<li>Casi el 40% de los desplazamientos se efect\u00faan en un contexto de proximidad, y todos ellos al nivel del Consorcio Bidasoa-Txingudi.<\/li>\n<\/ul>\n<p><strong>Algunos ejemplos de actuaci\u00f3n del proyecto Smartmob: <\/strong>un mapa conjunto de redes de transporte de la cuenca transfronteriza, la mejora de la se\u00f1alizaci\u00f3n de entrada y salida de las ciudades, l\u00edneas de bus el\u00e9ctricas, planes de movilidad de empresas, etc.<\/p>\n<h2>Mapa de redes de transporte en Ir\u00fan, Hondarribia y Hendaya<\/h2>\n<p>Se ha desarrollado un mapa de transporte p\u00fablico para facilitar los desplazamientos a ambos lados de la frontera.<\/p>\n<p><img loading=\"lazy\" decoding=\"async\" src=\"https:\/\/www.transfermuga.eu\/content\/uploads\/2022\/05\/mapa-smartmob.png\" alt=\"Mapa de Smartmob: transporte p\u00fablico en Ir\u00fan, Hondarribia y Hendya\" width=\"800\" height=\"471\" class=\"aligncenter size-full wp-image-7284\" srcset=\"https:\/\/www.transfermuga.eu\/content\/uploads\/2022\/05\/mapa-smartmob.png 800w, https:\/\/www.transfermuga.eu\/content\/uploads\/2022\/05\/mapa-smartmob-300x177.png 300w, https:\/\/www.transfermuga.eu\/content\/uploads\/2022\/05\/mapa-smartmob-768x452.png 768w\" sizes=\"(max-width: 800px) 100vw, 800px\" \/><br \/>\n<a href=\"https:\/\/smartmob.irunhondarribiahendaye.com\/wp-content\/uploads\/2022\/04\/Mapa-Bidasoa-Txingudi-movilidad.pdf\" rel=\"noopener\" target=\"_blank\">Descargar mapa de transporte p\u00fablico en Ir\u00fan, Hondarribia y Hendaya<\/a><\/p>\n<p>En el sitio web de Smartmob, adem\u00e1s del plano de transporte p\u00fablico encontrar\u00e1s otros dos mapas de inter\u00e9s:<\/p>\n<ul>\n<li><a href=\"https:\/\/smartmob.irunhondarribiahendaye.com\/movilidad-transfronteriza-bidasoa-txingudi-sud-pays-basque\/parkings\/\" rel=\"noopener\" target=\"_blank\">parkings<\/a> en la zona del Bidasoa y Bah\u00eda de Txingudi<\/li>\n<li><a href=\"https:\/\/smartmob.irunhondarribiahendaye.com\/movilidad-transfronteriza-bidasoa-txingudi-sud-pays-basque\/vias-ciclistas-y-peatonales\/\" rel=\"noopener\" target=\"_blank\">v\u00edas peatonales y carriles bici<\/a> entre Ir\u00fan, Hondarribia, Hendaya y San Juan de Luz.<\/li>\n<\/ul>\n<h2>L\u00edneas de autob\u00fas el\u00e9ctricas<\/h2>\n<p>Smartmob ha puesto en marcha tambi\u00e9n <strong>nuevos autobuses el\u00e9ctricos, como la l\u00ednea L-1 de Irunbus<\/strong>, puesta en marcha en 2019. <\/p>\n<p>En Francia, se han incorporado <strong>8 nuevos autobuses el\u00e9ctricos a la L\u00ednea 4 de Txik Txak<\/strong> que une Izarbel con Bayonne Sainsontan. As\u00ed, Txik Txak cuenta ya con 3 l\u00edneas de Tram\u2019bus 100% el\u00e9ctricas (18 trambus), 11 lanzaderas gratuitas totalmente el\u00e9ctricas y los nuevos 8 autobuses. Actualmente, el 18% de la flota de Txik Txak es el\u00e9ctrica.<\/p>\n<p><img loading=\"lazy\" decoding=\"async\" src=\"https:\/\/www.transfermuga.eu\/content\/uploads\/2022\/05\/irunbus-smartmob.jpg\" alt=\"Autob\u00fas el\u00e9ctrico de Ir\u00fanbus\" width=\"760\" height=\"427\" class=\"aligncenter size-full wp-image-7287\" srcset=\"https:\/\/www.transfermuga.eu\/content\/uploads\/2022\/05\/irunbus-smartmob.jpg 760w, https:\/\/www.transfermuga.eu\/content\/uploads\/2022\/05\/irunbus-smartmob-300x169.jpg 300w\" sizes=\"(max-width: 760px) 100vw, 760px\" \/><\/p>\n<h2>Se\u00f1ales de tr\u00e1fico en tres idiomas<\/h2>\n<p>Adem\u00e1s de las mejoras mencionadas, el proyecto Smartmob ha mejorado las informaci\u00f3n de tr\u00e1fico de la zona fronteriza a\u00f1adiendo se\u00f1ales en tres idiomas.<\/p>\n\n                <\/div>\n            <\/div>\n        <\/div>\n    <\/div>\n<\/section>\n\n\n<section class=\"link\">\n    <div class=\"container\">\n        <div class=\"link__title\">\n\n\n\n            <h2>OTROS PROYECTOS<\/h2>\n        <\/div>\n        <div class=\"link__slider\">\n                        <div class=\"col-12 col-md-4 view\" id=\"post-2043\">\n    <a class=\"view__item\" href=\"https:\/\/www.transfermuga.eu\/es\/proyectos\/transfermuga-rrekin\/\" rel=\"bookmark\">\n                    <div class=\"view__item__img\">\n                <a class=\"post-thumbnail\" href=\"https:\/\/www.transfermuga.eu\/es\/proyectos\/transfermuga-rrekin\/\" aria-hidden=\"true\" tabindex=\"-1\"><img loading=\"lazy\" decoding=\"async\" width=\"330\" height=\"180\" src=\"https:\/\/www.transfermuga.eu\/content\/uploads\/2021\/06\/Transfermuga-RREKIN_Reseaux_Linkedin_1584x396px-2-330x180.jpg\" class=\"attachment-article-thumbnail size-article-thumbnail wp-post-image\" alt=\"TRANSFERMUGA-RREKIN\" \/><\/a>\n            <\/div>\n                <div class=\"view__item__content\">\n            <div class=\"view__item__content__tag\">\n                                    <span><\/span>\n                \n                            <\/div>\n            \n            <h4 class=\"view__item__content__title\">TRANSFERMUGA-RREKIN<\/h4>\n            <p><\/p>\n        <\/div>\n    <\/a>\n<\/div>\n                                \n                        <div class=\"col-12 col-md-4 view\" id=\"post-2037\">\n    <a class=\"view__item\" href=\"https:\/\/www.transfermuga.eu\/es\/proyectos\/ederbidea\/\" rel=\"bookmark\">\n                    <div class=\"view__item__img\">\n                <a class=\"post-thumbnail\" href=\"https:\/\/www.transfermuga.eu\/es\/proyectos\/ederbidea\/\" aria-hidden=\"true\" tabindex=\"-1\"><img loading=\"lazy\" decoding=\"async\" width=\"330\" height=\"180\" src=\"https:\/\/www.transfermuga.eu\/content\/uploads\/2021\/06\/Ederbidea-Zikloturista_38-330x180.jpg\" class=\"attachment-article-thumbnail size-article-thumbnail wp-post-image\" alt=\"EDERBIDEA\" \/><\/a>\n            <\/div>\n                <div class=\"view__item__content\">\n            <div class=\"view__item__content__tag\">\n                                    <span><\/span>\n                \n                            <\/div>\n            \n            <h4 class=\"view__item__content__title\">EDERBIDEA<\/h4>\n            <p><\/p>\n        <\/div>\n    <\/a>\n<\/div>\n                                \n                        <div class=\"col-12 col-md-4 view\" id=\"post-2031\">\n    <a class=\"view__item\" href=\"https:\/\/www.transfermuga.eu\/es\/proyectos\/smartmob\/\" rel=\"bookmark\">\n                    <div class=\"view__item__img\">\n                <a class=\"post-thumbnail\" href=\"https:\/\/www.transfermuga.eu\/es\/proyectos\/smartmob\/\" aria-hidden=\"true\" tabindex=\"-1\"><img loading=\"lazy\" decoding=\"async\" width=\"330\" height=\"180\" src=\"https:\/\/www.transfermuga.eu\/content\/uploads\/2021\/06\/SMARTMOB-bandeau-web-330x180.png\" class=\"attachment-article-thumbnail size-article-thumbnail wp-post-image\" alt=\"SMARTMOB\" \/><\/a>\n            <\/div>\n                <div class=\"view__item__content\">\n            <div class=\"view__item__content__tag\">\n                                    <span><\/span>\n                \n                            <\/div>\n            \n            <h4 class=\"view__item__content__title\">SMARTMOB<\/h4>\n            <p><\/p>\n        <\/div>\n    <\/a>\n<\/div>\n                                \n                    <\/div>\n\n                    <div class=\"link__btn\">\n                <a class=\"button button__primary\" href=\"https:\/\/www.transfermuga.eu\/es\/proyectos\/\">TODOS LOS PROYECTOS<\/a>\n            <\/div>\n            <\/div>\n<\/section>\n","protected":false},"excerpt":{"rendered":"","protected":false},"author":2,"featured_media":1312,"parent":2013,"menu_order":2,"comment_status":"closed","ping_status":"closed","template":"","meta":{"_acf_changed":false,"_monsterinsights_skip_tracking":false,"_monsterinsights_sitenote_active":false,"_monsterinsights_sitenote_note":"","_monsterinsights_sitenote_category":0,"footnotes":""},"categories":[56],"tags":[],"acf":[],"aioseo_notices":[],"yoast_head":"<!-- This site is optimized with the Yoast SEO plugin v22.9 - https:\/\/yoast.com\/wordpress\/plugins\/seo\/ -->\n<title>Smartmob: movilidad sostenible en la frontera - Transfermuga<\/title>\n<meta name=\"description\" content=\"Conoce el proyecto Smartmob que plantea mejorar la movilidad en el Bidasoa y la Bah\u00eda de Txingudi, a ambos lados de la frontera.\" \/>\n<meta name=\"robots\" content=\"index, follow, max-snippet:-1, max-image-preview:large, max-video-preview:-1\" \/>\n<link rel=\"canonical\" href=\"https:\/\/www.transfermuga.eu\/es\/proyectos\/smartmob\/\" \/>\n<meta property=\"og:locale\" content=\"es_ES\" \/>\n<meta property=\"og:type\" content=\"article\" \/>\n<meta property=\"og:title\" content=\"Smartmob: movilidad sostenible en la frontera - Transfermuga\" \/>\n<meta property=\"og:description\" content=\"Conoce el proyecto Smartmob que plantea mejorar la movilidad en el Bidasoa y la Bah\u00eda de Txingudi, a ambos lados de la frontera.\" \/>\n<meta property=\"og:url\" content=\"https:\/\/www.transfermuga.eu\/es\/proyectos\/smartmob\/\" \/>\n<meta property=\"og:site_name\" content=\"Transfermuga\" \/>\n<meta property=\"article:modified_time\" content=\"2022-08-08T11:02:52+00:00\" \/>\n<meta property=\"og:image\" content=\"https:\/\/www.transfermuga.eu\/content\/uploads\/2021\/06\/SMARTMOB-bandeau-web.png\" \/>\n\t<meta property=\"og:image:width\" content=\"1871\" \/>\n\t<meta property=\"og:image:height\" content=\"511\" \/>\n\t<meta property=\"og:image:type\" content=\"image\/png\" \/>\n<meta name=\"twitter:card\" content=\"summary_large_image\" \/>\n<script type=\"application\/ld+json\" class=\"yoast-schema-graph\">{\"@context\":\"https:\/\/schema.org\",\"@graph\":[{\"@type\":\"WebPage\",\"@id\":\"https:\/\/www.transfermuga.eu\/es\/proyectos\/smartmob\/\",\"url\":\"https:\/\/www.transfermuga.eu\/es\/proyectos\/smartmob\/\",\"name\":\"Smartmob: movilidad sostenible en la frontera - Transfermuga\",\"isPartOf\":{\"@id\":\"https:\/\/www.transfermuga.eu\/es\/#website\"},\"primaryImageOfPage\":{\"@id\":\"https:\/\/www.transfermuga.eu\/es\/proyectos\/smartmob\/#primaryimage\"},\"image\":{\"@id\":\"https:\/\/www.transfermuga.eu\/es\/proyectos\/smartmob\/#primaryimage\"},\"thumbnailUrl\":\"https:\/\/www.transfermuga.eu\/content\/uploads\/2021\/06\/SMARTMOB-bandeau-web.png\",\"datePublished\":\"2021-07-05T16:14:38+00:00\",\"dateModified\":\"2022-08-08T11:02:52+00:00\",\"description\":\"Conoce el proyecto Smartmob que plantea mejorar la movilidad en el Bidasoa y la Bah\u00eda de Txingudi, a ambos lados de la frontera.\",\"breadcrumb\":{\"@id\":\"https:\/\/www.transfermuga.eu\/es\/proyectos\/smartmob\/#breadcrumb\"},\"inLanguage\":\"es-ES\",\"potentialAction\":[{\"@type\":\"ReadAction\",\"target\":[\"https:\/\/www.transfermuga.eu\/es\/proyectos\/smartmob\/\"]}]},{\"@type\":\"ImageObject\",\"inLanguage\":\"es-ES\",\"@id\":\"https:\/\/www.transfermuga.eu\/es\/proyectos\/smartmob\/#primaryimage\",\"url\":\"https:\/\/www.transfermuga.eu\/content\/uploads\/2021\/06\/SMARTMOB-bandeau-web.png\",\"contentUrl\":\"https:\/\/www.transfermuga.eu\/content\/uploads\/2021\/06\/SMARTMOB-bandeau-web.png\",\"width\":1871,\"height\":511},{\"@type\":\"BreadcrumbList\",\"@id\":\"https:\/\/www.transfermuga.eu\/es\/proyectos\/smartmob\/#breadcrumb\",\"itemListElement\":[{\"@type\":\"ListItem\",\"position\":1,\"name\":\"Proyectos\",\"item\":\"https:\/\/www.transfermuga.eu\/es\/proyectos\/\"},{\"@type\":\"ListItem\",\"position\":2,\"name\":\"SMARTMOB\"}]},{\"@type\":\"WebSite\",\"@id\":\"https:\/\/www.transfermuga.eu\/es\/#website\",\"url\":\"https:\/\/www.transfermuga.eu\/es\/\",\"name\":\"Transfermuga\",\"description\":\"L&#039;info de la mobilit\u00e9 transfrontali\u00e8re\",\"publisher\":{\"@id\":\"https:\/\/www.transfermuga.eu\/es\/#organization\"},\"potentialAction\":[{\"@type\":\"SearchAction\",\"target\":{\"@type\":\"EntryPoint\",\"urlTemplate\":\"https:\/\/www.transfermuga.eu\/es\/?s={search_term_string}\"},\"query-input\":\"required name=search_term_string\"}],\"inLanguage\":\"es-ES\"},{\"@type\":\"Organization\",\"@id\":\"https:\/\/www.transfermuga.eu\/es\/#organization\",\"name\":\"Transfermuga\",\"url\":\"https:\/\/www.transfermuga.eu\/es\/\",\"logo\":{\"@type\":\"ImageObject\",\"inLanguage\":\"es-ES\",\"@id\":\"https:\/\/www.transfermuga.eu\/es\/#\/schema\/logo\/image\/\",\"url\":\"https:\/\/www.transfermuga.eu\/content\/uploads\/2021\/06\/cropped-Interreg-POCTEFA-TRANSFERMUGA-RREKIN-RGB.png\",\"contentUrl\":\"https:\/\/www.transfermuga.eu\/content\/uploads\/2021\/06\/cropped-Interreg-POCTEFA-TRANSFERMUGA-RREKIN-RGB.png\",\"width\":1843,\"height\":827,\"caption\":\"Transfermuga\"},\"image\":{\"@id\":\"https:\/\/www.transfermuga.eu\/es\/#\/schema\/logo\/image\/\"}}]}<\/script>\n<!-- \/ Yoast SEO plugin. -->","yoast_head_json":{"title":"Smartmob: movilidad sostenible en la frontera - Transfermuga","description":"Conoce el proyecto Smartmob que plantea mejorar la movilidad en el Bidasoa y la Bah\u00eda de Txingudi, a ambos lados de la frontera.","robots":{"index":"index","follow":"follow","max-snippet":"max-snippet:-1","max-image-preview":"max-image-preview:large","max-video-preview":"max-video-preview:-1"},"canonical":"https:\/\/www.transfermuga.eu\/es\/proyectos\/smartmob\/","og_locale":"es_ES","og_type":"article","og_title":"Smartmob: movilidad sostenible en la frontera - Transfermuga","og_description":"Conoce el proyecto Smartmob que plantea mejorar la movilidad en el Bidasoa y la Bah\u00eda de Txingudi, a ambos lados de la frontera.","og_url":"https:\/\/www.transfermuga.eu\/es\/proyectos\/smartmob\/","og_site_name":"Transfermuga","article_modified_time":"2022-08-08T11:02:52+00:00","og_image":[{"width":1871,"height":511,"url":"https:\/\/www.transfermuga.eu\/content\/uploads\/2021\/06\/SMARTMOB-bandeau-web.png","type":"image\/png"}],"twitter_card":"summary_large_image","schema":{"@context":"https:\/\/schema.org","@graph":[{"@type":"WebPage","@id":"https:\/\/www.transfermuga.eu\/es\/proyectos\/smartmob\/","url":"https:\/\/www.transfermuga.eu\/es\/proyectos\/smartmob\/","name":"Smartmob: movilidad sostenible en la frontera - Transfermuga","isPartOf":{"@id":"https:\/\/www.transfermuga.eu\/es\/#website"},"primaryImageOfPage":{"@id":"https:\/\/www.transfermuga.eu\/es\/proyectos\/smartmob\/#primaryimage"},"image":{"@id":"https:\/\/www.transfermuga.eu\/es\/proyectos\/smartmob\/#primaryimage"},"thumbnailUrl":"https:\/\/www.transfermuga.eu\/content\/uploads\/2021\/06\/SMARTMOB-bandeau-web.png","datePublished":"2021-07-05T16:14:38+00:00","dateModified":"2022-08-08T11:02:52+00:00","description":"Conoce el proyecto Smartmob que plantea mejorar la movilidad en el Bidasoa y la Bah\u00eda de Txingudi, a ambos lados de la frontera.","breadcrumb":{"@id":"https:\/\/www.transfermuga.eu\/es\/proyectos\/smartmob\/#breadcrumb"},"inLanguage":"es-ES","potentialAction":[{"@type":"ReadAction","target":["https:\/\/www.transfermuga.eu\/es\/proyectos\/smartmob\/"]}]},{"@type":"ImageObject","inLanguage":"es-ES","@id":"https:\/\/www.transfermuga.eu\/es\/proyectos\/smartmob\/#primaryimage","url":"https:\/\/www.transfermuga.eu\/content\/uploads\/2021\/06\/SMARTMOB-bandeau-web.png","contentUrl":"https:\/\/www.transfermuga.eu\/content\/uploads\/2021\/06\/SMARTMOB-bandeau-web.png","width":1871,"height":511},{"@type":"BreadcrumbList","@id":"https:\/\/www.transfermuga.eu\/es\/proyectos\/smartmob\/#breadcrumb","itemListElement":[{"@type":"ListItem","position":1,"name":"Proyectos","item":"https:\/\/www.transfermuga.eu\/es\/proyectos\/"},{"@type":"ListItem","position":2,"name":"SMARTMOB"}]},{"@type":"WebSite","@id":"https:\/\/www.transfermuga.eu\/es\/#website","url":"https:\/\/www.transfermuga.eu\/es\/","name":"Transfermuga","description":"L&#039;info de la mobilit\u00e9 transfrontali\u00e8re","publisher":{"@id":"https:\/\/www.transfermuga.eu\/es\/#organization"},"potentialAction":[{"@type":"SearchAction","target":{"@type":"EntryPoint","urlTemplate":"https:\/\/www.transfermuga.eu\/es\/?s={search_term_string}"},"query-input":"required name=search_term_string"}],"inLanguage":"es-ES"},{"@type":"Organization","@id":"https:\/\/www.transfermuga.eu\/es\/#organization","name":"Transfermuga","url":"https:\/\/www.transfermuga.eu\/es\/","logo":{"@type":"ImageObject","inLanguage":"es-ES","@id":"https:\/\/www.transfermuga.eu\/es\/#\/schema\/logo\/image\/","url":"https:\/\/www.transfermuga.eu\/content\/uploads\/2021\/06\/cropped-Interreg-POCTEFA-TRANSFERMUGA-RREKIN-RGB.png","contentUrl":"https:\/\/www.transfermuga.eu\/content\/uploads\/2021\/06\/cropped-Interreg-POCTEFA-TRANSFERMUGA-RREKIN-RGB.png","width":1843,"height":827,"caption":"Transfermuga"},"image":{"@id":"https:\/\/www.transfermuga.eu\/es\/#\/schema\/logo\/image\/"}}]}},"_links":{"self":[{"href":"https:\/\/www.transfermuga.eu\/es\/wp-json\/wp\/v2\/pages\/2031"}],"collection":[{"href":"https:\/\/www.transfermuga.eu\/es\/wp-json\/wp\/v2\/pages"}],"about":[{"href":"https:\/\/www.transfermuga.eu\/es\/wp-json\/wp\/v2\/types\/page"}],"author":[{"embeddable":true,"href":"https:\/\/www.transfermuga.eu\/es\/wp-json\/wp\/v2\/users\/2"}],"replies":[{"embeddable":true,"href":"https:\/\/www.transfermuga.eu\/es\/wp-json\/wp\/v2\/comments?post=2031"}],"version-history":[{"count":11,"href":"https:\/\/www.transfermuga.eu\/es\/wp-json\/wp\/v2\/pages\/2031\/revisions"}],"predecessor-version":[{"id":8228,"href":"https:\/\/www.transfermuga.eu\/es\/wp-json\/wp\/v2\/pages\/2031\/revisions\/8228"}],"up":[{"embeddable":true,"href":"https:\/\/www.transfermuga.eu\/es\/wp-json\/wp\/v2\/pages\/2013"}],"wp:featuredmedia":[{"embeddable":true,"href":"https:\/\/www.transfermuga.eu\/es\/wp-json\/wp\/v2\/media\/1312"}],"wp:attachment":[{"href":"https:\/\/www.transfermuga.eu\/es\/wp-json\/wp\/v2\/media?parent=2031"}],"wp:term":[{"taxonomy":"category","embeddable":true,"href":"https:\/\/www.transfermuga.eu\/es\/wp-json\/wp\/v2\/categories?post=2031"},{"taxonomy":"post_tag","embeddable":true,"href":"https:\/\/www.transfermuga.eu\/es\/wp-json\/wp\/v2\/tags?post=2031"}],"curies":[{"name":"wp","href":"https:\/\/api.w.org\/{rel}","templated":true}]}}