{"id":1922,"date":"2021-07-01T12:51:00","date_gmt":"2021-07-01T10:51:23","guid":{"rendered":"https:\/\/www.transfermuga.eu\/?page_id=1922"},"modified":"2022-09-19T12:21:54","modified_gmt":"2022-09-19T10:21:54","slug":"inicio","status":"publish","type":"page","link":"https:\/\/www.transfermuga.eu\/es\/","title":{"rendered":"Inicio"},"content":{"rendered":"<section class=\"section-content section-content-gray-mark\">\n    \n    \n    <div class=\"container\">\n        <div id=\"container-gray-mark\">\n            <form id=\"gray-mark-form\" action=\"https:\/\/www.transfermuga.eu\/es\/desplazarse\/\" method=\"GET\"\n                              >\n                <div class=\"row\">\n                    <div class=\"col-12\">\n                        <p class=\"form_title\">Un itin\u00e9raire en t\u00eate ?<\/p>\n                    <\/div>\n                    <div class=\"col-12 form-group\">\n                        <label for=\"departure\">de<\/label>\n                        <input type=\"text\" id=\"departure_id\" name=\"departure_id\" value=\"\" style=\"display: none\"\/>\n                        <input type=\"text\"\n                            id=\"departure\"\n                            name=\"departure\"\n                            value=\"\"\n                            placeholder=\"Adresse de d\u00e9part, arr\u00eat, lieu...\"\n                            required\n                            autocomplete=\"off\"\n                        \/>\n                    <\/div>\n                    <div class=\"col-12 form-group\">\n                        <label for=\"arrival\">\u00e0<\/label>\n                        <input type=\"text\" id=\"arrival_id\" name=\"arrival_id\" value=\"\" style=\"display: none\"\/>\n                        <input type=\"text\"\n                            id=\"arrival\"\n                            name=\"arrival\"\n                            value=\"\"\n                            placeholder=\"Adresse d'arriv\u00e9e, arr\u00eat, lieu...\"\n                            required\n                            autocomplete=\"off\"\n                        \/>\n\n                        <button id=\"from-to-inversion\">&harr;<\/button>\n                    <div class=\"form-group-error\">\n                        <p class=\"error-gray-mark\" id=\"error-gray-mark\"><\/p>\n                    <\/div>\n                    <\/div>\n                    <div class=\"col-12 submit-group\">\n                        <div class=\"submit-button\">\n                            <input type=\"submit\" name=\"submit\" value=\"C'est parti !\">\n                        <\/div>\n                    <\/div>\n                <\/div>\n            <\/form>\n        <\/div>\n    <\/div>\n<\/section>\n\n<section class=\"section-content section-content-promote\">\n    <div class=\"container\">\n        <div class=\"row\">\n            <div class=\"col-12 promote-container\">\n\t\t\t\t<div class=\"promote__title\">\n\t\t\t\t\t                                          <img decoding=\"async\" class=\"promote__title__img\" alt=\"\" src=\"https:\/\/www.transfermuga.eu\/content\/uploads\/2021\/05\/pin.png\"\/>\n                    \t\t\t\t\t<h2>EN PORTADA<\/h2>\n\t\t\t\t<\/div>\n                <div class=\"article-content\">\n                    \t\t\t\t\t\t\t\t\t\t\t\t\t\t\t\t\t\t<a class=\"promote__article\" href=\"https:\/\/www.transfermuga.eu\/es\/noticias\/la-semana-europea-de-la-movilidad\/\" target=\"_self\">\n\t\t\t\t\t\t  \t\t\t\t\t\t\t\t\t<div class=\"promote__article__img\">\n\t\t\t\t\t\t\t\t\t<img loading=\"lazy\" decoding=\"async\" width=\"1920\" height=\"600\" src=\"https:\/\/www.transfermuga.eu\/content\/uploads\/2022\/09\/NouvelleAquitainea1euro.jpg\" class=\"attachment-post-thumbnail size-post-thumbnail wp-post-image\" alt=\"\" srcset=\"https:\/\/www.transfermuga.eu\/content\/uploads\/2022\/09\/NouvelleAquitainea1euro.jpg 1920w, https:\/\/www.transfermuga.eu\/content\/uploads\/2022\/09\/NouvelleAquitainea1euro-300x94.jpg 300w, https:\/\/www.transfermuga.eu\/content\/uploads\/2022\/09\/NouvelleAquitainea1euro-1024x320.jpg 1024w, https:\/\/www.transfermuga.eu\/content\/uploads\/2022\/09\/NouvelleAquitainea1euro-768x240.jpg 768w, https:\/\/www.transfermuga.eu\/content\/uploads\/2022\/09\/NouvelleAquitainea1euro-1536x480.jpg 1536w\" sizes=\"(max-width: 1920px) 100vw, 1920px\" \/>\n\t\t\t\t\t\t\t\t<\/div>\n\t\t\t\t\t\t  \t\t\t\t\t\t\t\t<div class=\"promote__article__content\">\n\t\t\t\t\t\t\t\t\t\t\t\t\t\t\t\t<h3>La Semana Europea de la Movilidad<\/h3>\n\t\t\t\t\t\t\t\t<p>Mejores conexiones, la campana de sensibilizacion de la movilidad sostenible se celebra del 16 al 22 de septiembre. <\/p>\n\t\t\t\t\t\t\t<\/div>\n\t\t\t\t\t\t<\/a>\n\t\t\t\t\t\t\t\t\t\t\t\n\n                <\/div>\n            <\/div>\n        <\/div>\n    <\/div>\n<\/section>\n\n\n<section class=\"section__access\">\n  <div class=\"container\">\n    <div class=\"row\">\n      <div class=\"col-12\">\n\t\t<div class=\"access__title\">\n\t\t\t\t\t\t\t\t\t\t<img decoding=\"async\" class=\"access__title__img\" alt=\"\" src=\"https:\/\/www.transfermuga.eu\/content\/uploads\/2021\/05\/access.png\" \/>\n\t\t\t\t\t\t<h2>ACCESO DIRECTO<\/h2>\n\t\t<\/div>\n        \t\t\t<ul class=\"access__list\">\n\t\t\t\t\t\t\t\t\t\t\t\t\t\t\t\t\t\t\t\t\t\t\t\t\t\t\t<li class=\"access__list__item\">\n\t\t\t\t\t\t\t\t<a class=\"access__list__item__link\" href=\"https:\/\/www.transfermuga.eu\/es\/lineas\/\" target=\"_blank\" class=\"footer__main__menu__item__appblock__button button\">\n\t\t\t\t\t\t\t\t\t\t\t\t\t\t\t\t\t\t\t\t\t\t\t\t\t\t\t\t<img decoding=\"async\" class=\"access__list__item__img\" alt=\"\" src=\"https:\/\/www.transfermuga.eu\/content\/uploads\/2021\/05\/info-1.png\" class=\"round_block__infos__img\"\/>\n\t\t\t\t\t\t\t\t\t\t\t\t\t\t\t\t\t\t<span>L\u00edneas y billetes<\/span>\n\t\t\t\t\t\t\t\t<\/a>\n\t\t\t\t\t\t\t<\/li>\n\t\t\t\t\t\t\t\t\t\t\t\t\t\t\t\t\t\t\t\t\t\t\t\t\t\t\t\t\t\t\t\t\t<li class=\"access__list__item\">\n\t\t\t\t\t\t\t\t<a class=\"access__list__item__link\" href=\"https:\/\/www.transfermuga.eu\/es\/desplazarse\/\" target=\"_blank\" class=\"footer__main__menu__item__appblock__button button\">\n\t\t\t\t\t\t\t\t\t\t\t\t\t\t\t\t\t\t\t\t\t\t\t\t\t\t\t\t<img decoding=\"async\" class=\"access__list__item__img\" alt=\"\" src=\"https:\/\/www.transfermuga.eu\/content\/uploads\/2021\/05\/timesheet.png\" class=\"round_block__infos__img\"\/>\n\t\t\t\t\t\t\t\t\t\t\t\t\t\t\t\t\t\t<span>Pr\u00f3ximos servicios<\/span>\n\t\t\t\t\t\t\t\t<\/a>\n\t\t\t\t\t\t\t<\/li>\n\t\t\t\t\t\t\t\t\t\t\t\t\t\t\t\t\t\t\t\t\t\t\t\t\t\t\t\t\t\t\t\t\t<li class=\"access__list__item\">\n\t\t\t\t\t\t\t\t<a class=\"access__list__item__link\" href=\"https:\/\/www.transfermuga.eu\/es\/desplazarse\/\" target=\"_blank\" class=\"footer__main__menu__item__appblock__button button\">\n\t\t\t\t\t\t\t\t\t\t\t\t\t\t\t\t\t\t\t\t\t\t\t\t\t\t\t\t<img decoding=\"async\" class=\"access__list__item__img\" alt=\"\" src=\"https:\/\/www.transfermuga.eu\/content\/uploads\/2021\/05\/location.png\" class=\"round_block__infos__img\"\/>\n\t\t\t\t\t\t\t\t\t\t\t\t\t\t\t\t\t\t<span>Alrededor de mi<\/span>\n\t\t\t\t\t\t\t\t<\/a>\n\t\t\t\t\t\t\t<\/li>\n\t\t\t\t\t\t\t\t\t\t\t\t\t\t\t\t\t\t\t\t\t\t\t\t\t\t\t\t\t\t\t\t\t<li class=\"access__list__item\">\n\t\t\t\t\t\t\t\t<a class=\"access__list__item__link\" href=\"https:\/\/www.transfermuga.eu\/es\/lineas\/tarifas-billetes\/\" target=\"_blank\" class=\"footer__main__menu__item__appblock__button button\">\n\t\t\t\t\t\t\t\t\t\t\t\t\t\t\t\t\t\t\t\t\t\t\t\t\t\t\t\t<img decoding=\"async\" class=\"access__list__item__img\" alt=\"\" src=\"https:\/\/www.transfermuga.eu\/content\/uploads\/2021\/05\/ticket.png\" class=\"round_block__infos__img\"\/>\n\t\t\t\t\t\t\t\t\t\t\t\t\t\t\t\t\t\t<span>Tarifas y billetes<\/span>\n\t\t\t\t\t\t\t\t<\/a>\n\t\t\t\t\t\t\t<\/li>\n\t\t\t\t\t\t\t\t\t\t\t\t\t<\/ul>\n              <\/div>\n    <\/div>\n  <\/div>\n<\/section>\n\n<section class=\"section__roundblock\">\n  <div class=\"container\">\n    <div class=\"row\">\n      <div class=\"col-12 roundblock__container\">\n                                                          <div class=\"round_block round__blue\">\n                    <div class=\"round_block__container\">\n                      <div class=\"round_block__infos\">\n                                                                          <img decoding=\"async\" alt=\"\" src=\"https:\/\/www.transfermuga.eu\/content\/uploads\/2021\/05\/app.png\" class=\"round_block__infos__img\"\/>\n                                                <h4 class=\"round_block__infos__title\">Transfermuga en el movil<\/h4>\n                        <p>\n                          Transfermuga facilita tus desplazamientos. Calcula tus itinerarios en todos tus desplazamientos directamente en tu m\u00f3vil. \n                        <\/p>\n                      <\/div>\n                      <div class=\"round_block__form\">\n                        <a href=\"https:\/\/play.google.com\/store\/apps\/details?id=fr.app.transfermuga\" target=\"_blank\" class=\"appblock__button button\">\n    \t                  <img decoding=\"async\" alt=\"\" src=\"https:\/\/www.transfermuga.eu\/content\/uploads\/2021\/05\/googleplay.png\"\/>\n             \t<span>En Google Play<\/span>\n    <\/a>\n                      <a href=\"https:\/\/apps.apple.com\/es\/app\/transfermuga\/id1575886946\" target=\"_blank\" class=\"appblock__button button\">\n    \t                  <img decoding=\"async\" alt=\"\" src=\"https:\/\/www.transfermuga.eu\/content\/uploads\/2021\/05\/appstore.png\"\/>\n             \t<span>En App Store<\/span>\n    <\/a>\n                            <\/div>\n                    <\/div>\n                  <\/div>\n                            <\/div>\n    <\/div>\n  <\/div>\n<\/section>\n\n<section class=\"link\">\n    <div class=\"container\">\n        <div class=\"link__title\">\n\n\n\n            <h2>NOTICIAS<\/h2>\n        <\/div>\n        <div class=\"link__slider\">\n                        <div class=\"col-12 col-md-4 view\" id=\"post-8776\">\n    <a class=\"view__item\" href=\"https:\/\/www.transfermuga.eu\/es\/noticias\/la-semana-europea-de-la-movilidad\/\" rel=\"bookmark\">\n                    <div class=\"view__item__img\">\n                <a class=\"post-thumbnail\" href=\"https:\/\/www.transfermuga.eu\/es\/noticias\/la-semana-europea-de-la-movilidad\/\" aria-hidden=\"true\" tabindex=\"-1\"><img loading=\"lazy\" decoding=\"async\" width=\"330\" height=\"180\" src=\"https:\/\/www.transfermuga.eu\/content\/uploads\/2022\/09\/NouvelleAquitainea1euro-330x180.jpg\" class=\"attachment-article-thumbnail size-article-thumbnail wp-post-image\" alt=\"La Semana Europea de la Movilidad\" \/><\/a>\n            <\/div>\n                <div class=\"view__item__content\">\n            <div class=\"view__item__content__tag\">\n                                    <span><\/span>\n                \n                            <\/div>\n            \n            <h4 class=\"view__item__content__title\">La Semana Europea de la Movilidad<\/h4>\n            <p><p>Mejores conexiones, la campana de sensibilizacion de la movilidad sostenible se celebra del 16 al 22 de septiembre. <\/p>\n<\/p>\n        <\/div>\n    <\/a>\n<\/div>\n                                \n                        <div class=\"col-12 col-md-4 view\" id=\"post-8753\">\n    <a class=\"view__item\" href=\"https:\/\/www.transfermuga.eu\/es\/noticias\/descuentotarifastransporte\/\" rel=\"bookmark\">\n                    <div class=\"view__item__img\">\n                <a class=\"post-thumbnail\" href=\"https:\/\/www.transfermuga.eu\/es\/noticias\/descuentotarifastransporte\/\" aria-hidden=\"true\" tabindex=\"-1\"><img loading=\"lazy\" decoding=\"async\" width=\"330\" height=\"180\" src=\"https:\/\/www.transfermuga.eu\/content\/uploads\/2022\/05\/irun-euskotren-330x180.jpg\" class=\"attachment-article-thumbnail size-article-thumbnail wp-post-image\" alt=\"Descuento en las tarifas de transporte: \u00bfqu\u00e9 impacto tiene en la movilidad transfronteriza?\" \/><\/a>\n            <\/div>\n                <div class=\"view__item__content\">\n            <div class=\"view__item__content__tag\">\n                                    <span><\/span>\n                \n                            <\/div>\n            \n            <h4 class=\"view__item__content__title\">Descuento en las tarifas de transporte: \u00bfqu\u00e9 impacto tiene en la movilidad transfronteriza?<\/h4>\n            <p><p>Aqu\u00ed puedes encontrar todos los descuentos que se aplicar\u00e1n a partir del 1 de septiembre en Euskadi y Navarra para los viajeros transfronterizos.<\/p>\n<\/p>\n        <\/div>\n    <\/a>\n<\/div>\n                                \n                        <div class=\"col-12 col-md-4 view\" id=\"post-8643\">\n    <a class=\"view__item\" href=\"https:\/\/www.transfermuga.eu\/es\/noticias\/antzareguna\/\" rel=\"bookmark\">\n                    <div class=\"view__item__img\">\n                <a class=\"post-thumbnail\" href=\"https:\/\/www.transfermuga.eu\/es\/noticias\/antzareguna\/\" aria-hidden=\"true\" tabindex=\"-1\"><img loading=\"lazy\" decoding=\"async\" width=\"330\" height=\"180\" src=\"https:\/\/www.transfermuga.eu\/content\/uploads\/2022\/08\/28859882294_f897df3451_b-330x180.jpeg\" class=\"attachment-article-thumbnail size-article-thumbnail wp-post-image\" alt=\"Antzar Eguna en Lekeitio\" \/><\/a>\n            <\/div>\n                <div class=\"view__item__content\">\n            <div class=\"view__item__content__tag\">\n                                    <span><\/span>\n                \n                            <\/div>\n            \n            <h4 class=\"view__item__content__title\">Antzar Eguna en Lekeitio<\/h4>\n            <p><p>\u00bfC\u00f3mo se llega a Lekeitio en transporte p\u00fablico para asistir al Antzar Eguna? Esa es una pregunta para la que tenemos la respuesta. Haga clic aqu\u00ed.<\/p>\n<\/p>\n        <\/div>\n    <\/a>\n<\/div>\n                                \n                    <\/div>\n\n                    <div class=\"link__btn\">\n                <a class=\"button button__primary\" href=\"https:\/\/www.transfermuga.eu\/es\/noticias\/\">TODA LA ACTUALIDAD<\/a>\n            <\/div>\n            <\/div>\n<\/section>\n\n\n<section class=\"section__roundblock\">\n  <div class=\"container\">\n    <div class=\"row\">\n      <div class=\"col-12 roundblock__container\">\n                                                          <div class=\"round_block round__pink\">\n                    <div class=\"round_block__container\">\n                      <div class=\"round_block__infos\">\n                                                                          <img decoding=\"async\" alt=\"\" src=\"https:\/\/www.transfermuga.eu\/content\/uploads\/2021\/05\/phone-1.png\" class=\"round_block__infos__img\"\/>\n                                                <h4 class=\"round_block__infos__title\">Cont\u00e1ctenos<\/h4>\n                        <p>\n                          Su solicitud corresponde a:\n                        <\/p>\n                      <\/div>\n                      <div class=\"round_block__form\">\n                        <div class=\"wpcf7 no-js\" id=\"wpcf7-f2606-o1\" lang=\"es-ES\" dir=\"ltr\">\n<div class=\"screen-reader-response\"><p role=\"status\" aria-live=\"polite\" aria-atomic=\"true\"><\/p> <ul><\/ul><\/div>\n<form action=\"\/es\/wp-json\/wp\/v2\/pages\/1922#wpcf7-f2606-o1\" method=\"post\" class=\"wpcf7-form init demo\" aria-label=\"Contact form\" novalidate=\"novalidate\" data-status=\"init\">\n<div style=\"display: none;\">\n<input type=\"hidden\" name=\"_wpcf7\" value=\"2606\" \/>\n<input type=\"hidden\" name=\"_wpcf7_version\" value=\"5.9.6\" \/>\n<input type=\"hidden\" name=\"_wpcf7_locale\" value=\"es_ES\" \/>\n<input type=\"hidden\" name=\"_wpcf7_unit_tag\" value=\"wpcf7-f2606-o1\" \/>\n<input type=\"hidden\" name=\"_wpcf7_container_post\" value=\"0\" \/>\n<input type=\"hidden\" name=\"_wpcf7_posted_data_hash\" value=\"\" \/>\n<input type=\"hidden\" name=\"_wpcf7_recaptcha_response\" value=\"\" \/>\n<\/div>\n<div class=\"form-group\">\n\t<p><span class=\"wpcf7-form-control-wrap\" data-name=\"subject\"><select class=\"wpcf7-form-control wpcf7-select wpcf7-validates-as-required\" aria-required=\"true\" aria-invalid=\"false\" name=\"subject\"><option value=\"Consejo para desplazarse\">Consejo para desplazarse<\/option><option value=\"Problema t\u00e9cnico de uso\">Problema t\u00e9cnico de uso<\/option><option value=\"Open Data\">Open Data<\/option><\/select><\/span>\n\t<\/p>\n<\/div>\n<div class=\"form-group submit-group\">\n\t<p><span class=\"submit-button\"><input class=\"wpcf7-form-control wpcf7-submit has-spinner\" type=\"submit\" value=\"Enviar\" \/><\/span>\n\t<\/p>\n<\/div><div class=\"wpcf7-response-output\" aria-hidden=\"true\"><\/div>\n<\/form>\n<\/div>\n                      <\/div>\n                    <\/div>\n                  <\/div>\n                                                  <div class=\"round_block round__blue\">\n                    <div class=\"round_block__container\">\n                      <div class=\"round_block__infos\">\n                                                                          <img decoding=\"async\" alt=\"\" src=\"https:\/\/www.transfermuga.eu\/content\/uploads\/2021\/05\/mail.png\" class=\"round_block__infos__img\"\/>\n                                                <h4 class=\"round_block__infos__title\">Inscr\u00edbase a la Newsletter<\/h4>\n                        <p>\n                          \u00a1No pierda el hilo de nuestra actualidad! \n                        <\/p>\n                      <\/div>\n                      <div class=\"round_block__form\">\n                        <div class=\"wpcf7 no-js\" id=\"wpcf7-f2230-o2\" lang=\"es-ES\" dir=\"ltr\">\n<div class=\"screen-reader-response\"><p role=\"status\" aria-live=\"polite\" aria-atomic=\"true\"><\/p> <ul><\/ul><\/div>\n<form action=\"\/es\/wp-json\/wp\/v2\/pages\/1922#wpcf7-f2230-o2\" method=\"post\" class=\"wpcf7-form init\" aria-label=\"Contact form\" novalidate=\"novalidate\" data-status=\"init\">\n<div style=\"display: none;\">\n<input type=\"hidden\" name=\"_wpcf7\" value=\"2230\" \/>\n<input type=\"hidden\" name=\"_wpcf7_version\" value=\"5.9.6\" \/>\n<input type=\"hidden\" name=\"_wpcf7_locale\" value=\"es_ES\" \/>\n<input type=\"hidden\" name=\"_wpcf7_unit_tag\" value=\"wpcf7-f2230-o2\" \/>\n<input type=\"hidden\" name=\"_wpcf7_container_post\" value=\"0\" \/>\n<input type=\"hidden\" name=\"_wpcf7_posted_data_hash\" value=\"\" \/>\n<input type=\"hidden\" name=\"_wpcf7_recaptcha_response\" value=\"\" \/>\n<\/div>\n<div class=\"form-group\">\n\t<p><span class=\"wpcf7-form-control-wrap\" data-name=\"email\"><input size=\"40\" maxlength=\"80\" class=\"wpcf7-form-control wpcf7-email wpcf7-validates-as-required wpcf7-text wpcf7-validates-as-email\" aria-required=\"true\" aria-invalid=\"false\" placeholder=\"Votre email\" value=\"\" type=\"email\" name=\"email\" \/><\/span>\n\t<\/p>\n<\/div>\n<div class=\"form-group submit-group\">\n\t<p><span class=\"submit-button\"><input class=\"wpcf7-form-control wpcf7-submit has-spinner\" type=\"submit\" value=\"Valider\" \/><\/span>\n\t<\/p>\n<\/div><div class=\"wpcf7-response-output\" aria-hidden=\"true\"><\/div>\n<\/form>\n<\/div>\n                      <\/div>\n                    <\/div>\n                  <\/div>\n                            <\/div>\n    <\/div>\n  <\/div>\n<\/section>","protected":false},"excerpt":{"rendered":"","protected":false},"author":2,"featured_media":0,"parent":0,"menu_order":0,"comment_status":"closed","ping_status":"closed","template":"","meta":{"_acf_changed":false,"_monsterinsights_skip_tracking":false,"_monsterinsights_sitenote_active":false,"_monsterinsights_sitenote_note":"","_monsterinsights_sitenote_category":0,"footnotes":""},"categories":[],"tags":[],"acf":[],"aioseo_notices":[],"yoast_head":"<!-- This site is optimized with the Yoast SEO plugin v22.9 - https:\/\/yoast.com\/wordpress\/plugins\/seo\/ -->\n<title>Transfermuga - Transporte p\u00fablico en Nueva-Aquitania, Euskadi y Navarra<\/title>\n<meta name=\"description\" content=\"Transfermuga promueve el transporte p\u00fablico en Nouvelle Aquitaine, Navarra y Euskadi. Informaci\u00f3n para trayectos a ambos lados de la frontera.\" \/>\n<meta name=\"robots\" content=\"index, follow, max-snippet:-1, max-image-preview:large, max-video-preview:-1\" \/>\n<link rel=\"canonical\" href=\"https:\/\/www.transfermuga.eu\/es\/\" \/>\n<meta property=\"og:locale\" content=\"es_ES\" \/>\n<meta property=\"og:type\" content=\"article\" \/>\n<meta property=\"og:title\" content=\"Transfermuga - Transporte p\u00fablico en Nueva-Aquitania, Euskadi y Navarra\" \/>\n<meta property=\"og:description\" content=\"Transfermuga promueve el transporte p\u00fablico en Nouvelle Aquitaine, Navarra y Euskadi. Informaci\u00f3n para trayectos a ambos lados de la frontera.\" \/>\n<meta property=\"og:url\" content=\"https:\/\/www.transfermuga.eu\/es\/\" \/>\n<meta property=\"og:site_name\" content=\"Transfermuga\" \/>\n<meta property=\"article:modified_time\" content=\"2022-09-19T10:21:54+00:00\" \/>\n<meta name=\"twitter:card\" content=\"summary_large_image\" \/>\n<script type=\"application\/ld+json\" class=\"yoast-schema-graph\">{\"@context\":\"https:\/\/schema.org\",\"@graph\":[{\"@type\":\"WebPage\",\"@id\":\"https:\/\/www.transfermuga.eu\/es\/\",\"url\":\"https:\/\/www.transfermuga.eu\/es\/\",\"name\":\"Transfermuga - Transporte p\u00fablico en Nueva-Aquitania, Euskadi y Navarra\",\"isPartOf\":{\"@id\":\"https:\/\/www.transfermuga.eu\/es\/#website\"},\"datePublished\":\"2021-07-01T10:51:23+00:00\",\"dateModified\":\"2022-09-19T10:21:54+00:00\",\"description\":\"Transfermuga promueve el transporte p\u00fablico en Nouvelle Aquitaine, Navarra y Euskadi. Informaci\u00f3n para trayectos a ambos lados de la frontera.\",\"inLanguage\":\"es-ES\",\"potentialAction\":[{\"@type\":\"ReadAction\",\"target\":[\"https:\/\/www.transfermuga.eu\/es\/\"]}]},{\"@type\":\"WebSite\",\"@id\":\"https:\/\/www.transfermuga.eu\/es\/#website\",\"url\":\"https:\/\/www.transfermuga.eu\/es\/\",\"name\":\"Transfermuga\",\"description\":\"L&#039;info de la mobilit\u00e9 transfrontali\u00e8re\",\"publisher\":{\"@id\":\"https:\/\/www.transfermuga.eu\/es\/#organization\"},\"potentialAction\":[{\"@type\":\"SearchAction\",\"target\":{\"@type\":\"EntryPoint\",\"urlTemplate\":\"https:\/\/www.transfermuga.eu\/es\/?s={search_term_string}\"},\"query-input\":\"required name=search_term_string\"}],\"inLanguage\":\"es-ES\"},{\"@type\":\"Organization\",\"@id\":\"https:\/\/www.transfermuga.eu\/es\/#organization\",\"name\":\"Transfermuga\",\"url\":\"https:\/\/www.transfermuga.eu\/es\/\",\"logo\":{\"@type\":\"ImageObject\",\"inLanguage\":\"es-ES\",\"@id\":\"https:\/\/www.transfermuga.eu\/es\/#\/schema\/logo\/image\/\",\"url\":\"https:\/\/www.transfermuga.eu\/content\/uploads\/2021\/06\/cropped-Interreg-POCTEFA-TRANSFERMUGA-RREKIN-RGB.png\",\"contentUrl\":\"https:\/\/www.transfermuga.eu\/content\/uploads\/2021\/06\/cropped-Interreg-POCTEFA-TRANSFERMUGA-RREKIN-RGB.png\",\"width\":1843,\"height\":827,\"caption\":\"Transfermuga\"},\"image\":{\"@id\":\"https:\/\/www.transfermuga.eu\/es\/#\/schema\/logo\/image\/\"}}]}<\/script>\n<!-- \/ Yoast SEO plugin. -->","yoast_head_json":{"title":"Transfermuga - Transporte p\u00fablico en Nueva-Aquitania, Euskadi y Navarra","description":"Transfermuga promueve el transporte p\u00fablico en Nouvelle Aquitaine, Navarra y Euskadi. Informaci\u00f3n para trayectos a ambos lados de la frontera.","robots":{"index":"index","follow":"follow","max-snippet":"max-snippet:-1","max-image-preview":"max-image-preview:large","max-video-preview":"max-video-preview:-1"},"canonical":"https:\/\/www.transfermuga.eu\/es\/","og_locale":"es_ES","og_type":"article","og_title":"Transfermuga - Transporte p\u00fablico en Nueva-Aquitania, Euskadi y Navarra","og_description":"Transfermuga promueve el transporte p\u00fablico en Nouvelle Aquitaine, Navarra y Euskadi. Informaci\u00f3n para trayectos a ambos lados de la frontera.","og_url":"https:\/\/www.transfermuga.eu\/es\/","og_site_name":"Transfermuga","article_modified_time":"2022-09-19T10:21:54+00:00","twitter_card":"summary_large_image","schema":{"@context":"https:\/\/schema.org","@graph":[{"@type":"WebPage","@id":"https:\/\/www.transfermuga.eu\/es\/","url":"https:\/\/www.transfermuga.eu\/es\/","name":"Transfermuga - Transporte p\u00fablico en Nueva-Aquitania, Euskadi y Navarra","isPartOf":{"@id":"https:\/\/www.transfermuga.eu\/es\/#website"},"datePublished":"2021-07-01T10:51:23+00:00","dateModified":"2022-09-19T10:21:54+00:00","description":"Transfermuga promueve el transporte p\u00fablico en Nouvelle Aquitaine, Navarra y Euskadi. Informaci\u00f3n para trayectos a ambos lados de la frontera.","inLanguage":"es-ES","potentialAction":[{"@type":"ReadAction","target":["https:\/\/www.transfermuga.eu\/es\/"]}]},{"@type":"WebSite","@id":"https:\/\/www.transfermuga.eu\/es\/#website","url":"https:\/\/www.transfermuga.eu\/es\/","name":"Transfermuga","description":"L&#039;info de la mobilit\u00e9 transfrontali\u00e8re","publisher":{"@id":"https:\/\/www.transfermuga.eu\/es\/#organization"},"potentialAction":[{"@type":"SearchAction","target":{"@type":"EntryPoint","urlTemplate":"https:\/\/www.transfermuga.eu\/es\/?s={search_term_string}"},"query-input":"required name=search_term_string"}],"inLanguage":"es-ES"},{"@type":"Organization","@id":"https:\/\/www.transfermuga.eu\/es\/#organization","name":"Transfermuga","url":"https:\/\/www.transfermuga.eu\/es\/","logo":{"@type":"ImageObject","inLanguage":"es-ES","@id":"https:\/\/www.transfermuga.eu\/es\/#\/schema\/logo\/image\/","url":"https:\/\/www.transfermuga.eu\/content\/uploads\/2021\/06\/cropped-Interreg-POCTEFA-TRANSFERMUGA-RREKIN-RGB.png","contentUrl":"https:\/\/www.transfermuga.eu\/content\/uploads\/2021\/06\/cropped-Interreg-POCTEFA-TRANSFERMUGA-RREKIN-RGB.png","width":1843,"height":827,"caption":"Transfermuga"},"image":{"@id":"https:\/\/www.transfermuga.eu\/es\/#\/schema\/logo\/image\/"}}]}},"_links":{"self":[{"href":"https:\/\/www.transfermuga.eu\/es\/wp-json\/wp\/v2\/pages\/1922"}],"collection":[{"href":"https:\/\/www.transfermuga.eu\/es\/wp-json\/wp\/v2\/pages"}],"about":[{"href":"https:\/\/www.transfermuga.eu\/es\/wp-json\/wp\/v2\/types\/page"}],"author":[{"embeddable":true,"href":"https:\/\/www.transfermuga.eu\/es\/wp-json\/wp\/v2\/users\/2"}],"replies":[{"embeddable":true,"href":"https:\/\/www.transfermuga.eu\/es\/wp-json\/wp\/v2\/comments?post=1922"}],"version-history":[{"count":53,"href":"https:\/\/www.transfermuga.eu\/es\/wp-json\/wp\/v2\/pages\/1922\/revisions"}],"predecessor-version":[{"id":8823,"href":"https:\/\/www.transfermuga.eu\/es\/wp-json\/wp\/v2\/pages\/1922\/revisions\/8823"}],"wp:attachment":[{"href":"https:\/\/www.transfermuga.eu\/es\/wp-json\/wp\/v2\/media?parent=1922"}],"wp:term":[{"taxonomy":"category","embeddable":true,"href":"https:\/\/www.transfermuga.eu\/es\/wp-json\/wp\/v2\/categories?post=1922"},{"taxonomy":"post_tag","embeddable":true,"href":"https:\/\/www.transfermuga.eu\/es\/wp-json\/wp\/v2\/tags?post=1922"}],"curies":[{"name":"wp","href":"https:\/\/api.w.org\/{rel}","templated":true}]}}